{"id":9357,"date":"2021-07-18T16:53:28","date_gmt":"2021-07-18T19:53:28","guid":{"rendered":"https:\/\/www.taller-palabras.com\/WordPress_04\/?post_type=product&#038;p=9357"},"modified":"2024-03-21T12:58:45","modified_gmt":"2024-03-21T15:58:45","slug":"glosa-juan-jose-saer-ebook","status":"publish","type":"product","link":"https:\/\/www.taller-palabras.com\/WordPress_04\/producto\/glosa-juan-jose-saer-ebook","title":{"rendered":"Glosa &#8211; Juan Jos\u00e9 Saer\/ ebook"},"content":{"rendered":"<figure id=\"attachment_3976\" aria-describedby=\"caption-attachment-3976\" style=\"width: 150px\" class=\"wp-caption alignleft\"><img loading=\"lazy\" decoding=\"async\" class=\"wp-image-3976 size-thumbnail\" src=\"https:\/\/www.taller-palabras.com\/WordPress_04\/wp-content\/uploads\/2021\/07\/Juan_Jose_Saer-150x150.jpg\" alt=\"\" width=\"150\" height=\"150\" srcset=\"https:\/\/www.taller-palabras.com\/WordPress_04\/wp-content\/uploads\/2021\/07\/Juan_Jose_Saer-150x150.jpg 150w, https:\/\/www.taller-palabras.com\/WordPress_04\/wp-content\/uploads\/2021\/07\/Juan_Jose_Saer-100x100.jpg 100w, https:\/\/www.taller-palabras.com\/WordPress_04\/wp-content\/uploads\/2021\/07\/Juan_Jose_Saer.jpg 224w\" sizes=\"auto, (max-width: 150px) 100vw, 150px\" \/><figcaption id=\"caption-attachment-3976\" class=\"wp-caption-text\">Autor Juan Jos\u00e9 Saer<\/figcaption><\/figure>\n<p>\u00bfQu\u00e9 fue lo que realmente sucedi\u00f3 esa noche en la fiesta donde se festej\u00f3 al poeta Jorge Washington Noriega? En una caminata por el centro de la ciudad, \u00c1ngel Leto y el Matem\u00e1tico reconstruyen esa fiesta en la que no estuvieron pero que conocen bien: circulan distintas versiones, todas enigm\u00e1ticas y un poco delirantes, que son revisadas y vueltas a contar y discutidas o rectificadas.<\/p>\n","protected":false},"excerpt":{"rendered":"<p>\u00bfQu\u00e9 fue lo que realmente sucedi\u00f3 esa noche en la fiesta donde se festej\u00f3 al poeta Jorge Washington Noriega? En una caminata por el centro de la ciudad, \u00c1ngel Leto y el Matem\u00e1tico reconstruyen esa fiesta en la que no estuvieron pero que conocen bien: circulan distintas versiones, todas enigm\u00e1ticas y un poco delirantes, que [&hellip;]<\/p>\n","protected":false},"featured_media":9365,"template":"","meta":[],"product_brand":[],"product_cat":[25],"product_tag":[136,507,506,55],"class_list":{"0":"post-9357","1":"product","2":"type-product","3":"status-publish","4":"has-post-thumbnail","6":"product_cat-libros-digitales-ebooks","7":"product_tag-decargar-ebook","8":"product_tag-el-limonero-real","9":"product_tag-juan-jose-saer","10":"product_tag-novelas","12":"first","13":"instock","14":"shipping-taxable","15":"purchasable","16":"product-type-variable","17":"has-default-attributes"},"_links":{"self":[{"href":"https:\/\/www.taller-palabras.com\/WordPress_04\/wp-json\/wp\/v2\/product\/9357","targetHints":{"allow":["GET"]}}],"collection":[{"href":"https:\/\/www.taller-palabras.com\/WordPress_04\/wp-json\/wp\/v2\/product"}],"about":[{"href":"https:\/\/www.taller-palabras.com\/WordPress_04\/wp-json\/wp\/v2\/types\/product"}],"wp:featuredmedia":[{"embeddable":true,"href":"https:\/\/www.taller-palabras.com\/WordPress_04\/wp-json\/wp\/v2\/media\/9365"}],"wp:attachment":[{"href":"https:\/\/www.taller-palabras.com\/WordPress_04\/wp-json\/wp\/v2\/media?parent=9357"}],"wp:term":[{"taxonomy":"product_brand","embeddable":true,"href":"https:\/\/www.taller-palabras.com\/WordPress_04\/wp-json\/wp\/v2\/product_brand?post=9357"},{"taxonomy":"product_cat","embeddable":true,"href":"https:\/\/www.taller-palabras.com\/WordPress_04\/wp-json\/wp\/v2\/product_cat?post=9357"},{"taxonomy":"product_tag","embeddable":true,"href":"https:\/\/www.taller-palabras.com\/WordPress_04\/wp-json\/wp\/v2\/product_tag?post=9357"}],"curies":[{"name":"wp","href":"https:\/\/api.w.org\/{rel}","templated":true}]}}