{"id":938,"date":"2020-01-22T18:07:51","date_gmt":"2020-01-22T21:07:51","guid":{"rendered":"https:\/\/www.taller-palabras.com\/WordPress_04\/?post_type=product&#038;p=938"},"modified":"2023-11-07T11:28:11","modified_gmt":"2023-11-07T14:28:11","slug":"cesar-adrian-goldsworthy-ebook","status":"publish","type":"product","link":"https:\/\/www.taller-palabras.com\/WordPress_04\/producto\/cesar-adrian-goldsworthy-ebook","title":{"rendered":"Cesar &#8211; Adrian Goldsworthy \/ebook"},"content":{"rendered":"<figure id=\"attachment_933\" aria-describedby=\"caption-attachment-933\" style=\"width: 150px\" class=\"wp-caption alignleft\"><img loading=\"lazy\" decoding=\"async\" class=\"wp-image-933 size-thumbnail\" src=\"https:\/\/www.taller-palabras.com\/WordPress_04\/wp-content\/uploads\/2020\/01\/Adrian-Goldsworthy-150x150.jpg\" alt=\"\" width=\"150\" height=\"150\" srcset=\"https:\/\/www.taller-palabras.com\/WordPress_04\/wp-content\/uploads\/2020\/01\/Adrian-Goldsworthy-150x150.jpg 150w, https:\/\/www.taller-palabras.com\/WordPress_04\/wp-content\/uploads\/2020\/01\/Adrian-Goldsworthy-300x300.jpg 300w, https:\/\/www.taller-palabras.com\/WordPress_04\/wp-content\/uploads\/2020\/01\/Adrian-Goldsworthy-324x324.jpg 324w, https:\/\/www.taller-palabras.com\/WordPress_04\/wp-content\/uploads\/2020\/01\/Adrian-Goldsworthy-416x416.jpg 416w, https:\/\/www.taller-palabras.com\/WordPress_04\/wp-content\/uploads\/2020\/01\/Adrian-Goldsworthy-100x100.jpg 100w, https:\/\/www.taller-palabras.com\/WordPress_04\/wp-content\/uploads\/2020\/01\/Adrian-Goldsworthy.jpg 425w\" sizes=\"auto, (max-width: 150px) 100vw, 150px\" \/><figcaption id=\"caption-attachment-933\" class=\"wp-caption-text\">Autor Adrian Goldsworthy<\/figcaption><\/figure>\n<p>La biograf\u00eda definitiva de quien supo alzarse desde la oscuridad completa para convertirse en el hombre m\u00e1s rico del mundo y detentar un poder capaz de acabar con la Rep\u00fablica romana. Julio C\u00e9sar, el romano m\u00e1s famoso, fue un l\u00edder carism\u00e1tico, un brillante pol\u00edtico y un genio militar capaz de algunas de las victorias m\u00e1s espectaculares de la historia: en menos de una d\u00e9cada conquist\u00f3 toda la Galia, invadi\u00f3 Germania y desembarc\u00f3 en Britania. Sin embargo, su inusual e imparable carrera, su ascenso hacia el poder, contin\u00faa hoy suscitando controversias entre los estudiosos. En esta biograf\u00eda definitiva, Adrian Goldsworthy a\u00fana de forma magistral todos los aspectos de la vida del hombre que en la adolescencia evit\u00f3 ser ejecutado por su oposici\u00f3n directa al dictador Sila; que fue condecorado por su valor en combate y capturado por piratas; que en la palestra pol\u00edtica se gan\u00f3 la reputaci\u00f3n de inconformista, ambicioso y peligroso; que con poco m\u00e1s de treinta a\u00f1os ya empezaba a dominar el Senado\u2026 sin olvidar sus amor\u00edos con mujeres de la aristocracia, tan frecuentes como escandalosos.<\/p>\n","protected":false},"excerpt":{"rendered":"<p>La biograf\u00eda definitiva de quien supo alzarse desde la oscuridad completa para convertirse en el hombre m\u00e1s rico del mundo y detentar un poder capaz de acabar con la Rep\u00fablica romana. Julio C\u00e9sar, el romano m\u00e1s famoso, fue un l\u00edder carism\u00e1tico, un brillante pol\u00edtico y un genio militar capaz de algunas de las victorias m\u00e1s [&hellip;]<\/p>\n","protected":false},"featured_media":937,"template":"","meta":[],"product_brand":[],"product_cat":[25],"product_tag":[210,209,136,55],"class_list":{"0":"post-938","1":"product","2":"type-product","3":"status-publish","4":"has-post-thumbnail","6":"product_cat-libros-digitales-ebooks","7":"product_tag-adrian-goldsworthy","8":"product_tag-cesar","9":"product_tag-decargar-ebook","10":"product_tag-novelas","12":"first","13":"instock","14":"shipping-taxable","15":"purchasable","16":"product-type-variable","17":"has-default-attributes"},"_links":{"self":[{"href":"https:\/\/www.taller-palabras.com\/WordPress_04\/wp-json\/wp\/v2\/product\/938","targetHints":{"allow":["GET"]}}],"collection":[{"href":"https:\/\/www.taller-palabras.com\/WordPress_04\/wp-json\/wp\/v2\/product"}],"about":[{"href":"https:\/\/www.taller-palabras.com\/WordPress_04\/wp-json\/wp\/v2\/types\/product"}],"wp:featuredmedia":[{"embeddable":true,"href":"https:\/\/www.taller-palabras.com\/WordPress_04\/wp-json\/wp\/v2\/media\/937"}],"wp:attachment":[{"href":"https:\/\/www.taller-palabras.com\/WordPress_04\/wp-json\/wp\/v2\/media?parent=938"}],"wp:term":[{"taxonomy":"product_brand","embeddable":true,"href":"https:\/\/www.taller-palabras.com\/WordPress_04\/wp-json\/wp\/v2\/product_brand?post=938"},{"taxonomy":"product_cat","embeddable":true,"href":"https:\/\/www.taller-palabras.com\/WordPress_04\/wp-json\/wp\/v2\/product_cat?post=938"},{"taxonomy":"product_tag","embeddable":true,"href":"https:\/\/www.taller-palabras.com\/WordPress_04\/wp-json\/wp\/v2\/product_tag?post=938"}],"curies":[{"name":"wp","href":"https:\/\/api.w.org\/{rel}","templated":true}]}}