{"id":9399,"date":"2021-05-04T10:52:09","date_gmt":"2021-05-04T13:52:09","guid":{"rendered":"https:\/\/www.taller-palabras.com\/WordPress_04\/?post_type=product&#038;p=9399"},"modified":"2024-03-29T13:00:20","modified_gmt":"2024-03-29T16:00:20","slug":"los-propios-dioses-isaac-asimov-ebook","status":"publish","type":"product","link":"https:\/\/www.taller-palabras.com\/WordPress_04\/producto\/los-propios-dioses-isaac-asimov-ebook","title":{"rendered":"Los propios dioses &#8211; Isaac Asimov  \/ebook"},"content":{"rendered":"<figure id=\"attachment_3482\" aria-describedby=\"caption-attachment-3482\" style=\"width: 150px\" class=\"wp-caption alignleft\"><img loading=\"lazy\" decoding=\"async\" class=\"wp-image-3482 size-thumbnail\" src=\"https:\/\/www.taller-palabras.com\/WordPress_04\/wp-content\/uploads\/2021\/05\/Issac-Asimov-150x150.jpg\" alt=\"\" width=\"150\" height=\"150\" srcset=\"https:\/\/www.taller-palabras.com\/WordPress_04\/wp-content\/uploads\/2021\/05\/Issac-Asimov-150x150.jpg 150w, https:\/\/www.taller-palabras.com\/WordPress_04\/wp-content\/uploads\/2021\/05\/Issac-Asimov-100x100.jpg 100w\" sizes=\"auto, (max-width: 150px) 100vw, 150px\" \/><figcaption id=\"caption-attachment-3482\" class=\"wp-caption-text\">Autor Issac Asimov<\/figcaption><\/figure>\n<p>El futuro. En un universo paralelo, con leyes f\u00edsicas ligeramente distintas a las nuestras, sus habitantes descubren la forma de intercambiar materia con nosotros. Materia que, una vez en el universo de destino, y merced a las diferencias f\u00edsicas entre ambos, comienza a desprender energ\u00eda de forma espont\u00e1nea. Una vez consumida la capacidad energ\u00e9tica del material puede volver a ser intercambiado, para recomenzar el ciclo. \u00bfQu\u00e9 podr\u00edamos hacer con un suministro de energ\u00eda gratuita e inagotable?<\/p>\n","protected":false},"excerpt":{"rendered":"<p>El futuro. En un universo paralelo, con leyes f\u00edsicas ligeramente distintas a las nuestras, sus habitantes descubren la forma de intercambiar materia con nosotros. Materia que, una vez en el universo de destino, y merced a las diferencias f\u00edsicas entre ambos, comienza a desprender energ\u00eda de forma espont\u00e1nea. Una vez consumida la capacidad energ\u00e9tica del [&hellip;]<\/p>\n","protected":false},"featured_media":9404,"template":"","meta":[],"product_brand":[],"product_cat":[25],"product_tag":[54,423,1283,45],"class_list":{"0":"post-9399","1":"product","2":"type-product","3":"status-publish","4":"has-post-thumbnail","6":"product_cat-libros-digitales-ebooks","7":"product_tag-descargar-ebook","8":"product_tag-issac-asimov","9":"product_tag-los-propios-dioses","10":"product_tag-mejor-novela","12":"first","13":"instock","14":"shipping-taxable","15":"purchasable","16":"product-type-variable","17":"has-default-attributes"},"_links":{"self":[{"href":"https:\/\/www.taller-palabras.com\/WordPress_04\/wp-json\/wp\/v2\/product\/9399","targetHints":{"allow":["GET"]}}],"collection":[{"href":"https:\/\/www.taller-palabras.com\/WordPress_04\/wp-json\/wp\/v2\/product"}],"about":[{"href":"https:\/\/www.taller-palabras.com\/WordPress_04\/wp-json\/wp\/v2\/types\/product"}],"wp:featuredmedia":[{"embeddable":true,"href":"https:\/\/www.taller-palabras.com\/WordPress_04\/wp-json\/wp\/v2\/media\/9404"}],"wp:attachment":[{"href":"https:\/\/www.taller-palabras.com\/WordPress_04\/wp-json\/wp\/v2\/media?parent=9399"}],"wp:term":[{"taxonomy":"product_brand","embeddable":true,"href":"https:\/\/www.taller-palabras.com\/WordPress_04\/wp-json\/wp\/v2\/product_brand?post=9399"},{"taxonomy":"product_cat","embeddable":true,"href":"https:\/\/www.taller-palabras.com\/WordPress_04\/wp-json\/wp\/v2\/product_cat?post=9399"},{"taxonomy":"product_tag","embeddable":true,"href":"https:\/\/www.taller-palabras.com\/WordPress_04\/wp-json\/wp\/v2\/product_tag?post=9399"}],"curies":[{"name":"wp","href":"https:\/\/api.w.org\/{rel}","templated":true}]}}