{"id":9420,"date":"2024-03-29T14:07:34","date_gmt":"2024-03-29T17:07:34","guid":{"rendered":"https:\/\/www.taller-palabras.com\/WordPress_04\/?post_type=product&#038;p=9420"},"modified":"2024-03-29T14:47:47","modified_gmt":"2024-03-29T17:47:47","slug":"el-ruido-de-las-cosas-al-caer-juan-gabriel-vasquez-ebook","status":"publish","type":"product","link":"https:\/\/www.taller-palabras.com\/WordPress_04\/producto\/el-ruido-de-las-cosas-al-caer-juan-gabriel-vasquez-ebook","title":{"rendered":"El ruido de las cosas al caer &#8211; Juan Gabriel V\u00e1squez \/ebook"},"content":{"rendered":"<figure id=\"attachment_9423\" aria-describedby=\"caption-attachment-9423\" style=\"width: 150px\" class=\"wp-caption alignleft\"><img loading=\"lazy\" decoding=\"async\" class=\"wp-image-9423 size-thumbnail\" src=\"https:\/\/www.taller-palabras.com\/WordPress_04\/wp-content\/uploads\/2024\/03\/Juan-Gabriel-Velasquez-150x150.jpg\" alt=\"\" width=\"150\" height=\"150\" srcset=\"https:\/\/www.taller-palabras.com\/WordPress_04\/wp-content\/uploads\/2024\/03\/Juan-Gabriel-Velasquez-150x150.jpg 150w, https:\/\/www.taller-palabras.com\/WordPress_04\/wp-content\/uploads\/2024\/03\/Juan-Gabriel-Velasquez-100x100.jpg 100w\" sizes=\"auto, (max-width: 150px) 100vw, 150px\" \/><figcaption id=\"caption-attachment-9423\" class=\"wp-caption-text\">Autor Juan Gabriel V\u00e1squez<\/figcaption><\/figure>\n<p>El ruido de las cosas al caer, XIV Premio Alfaguara de Novela 2011, es la historia de una amistad frustrada. Pero es tambi\u00e9n una doble historia de amor en tiempos poco propicios, y tambi\u00e9n una radiograf\u00eda de una generaci\u00f3n atrapada en el miedo, y tambi\u00e9n una investigaci\u00f3n llena de suspense en el pasado de un hombre y el de un pa\u00eds. \u00abEste hombre no ha sido siempre este hombre\u00bb, pens\u00e9. \u00abEste hombre era otro hombre antes\u00bb. Tan pronto conoce a Ricardo Laverde, el joven Antonio Yammara comprende que en el pasado de su nuevo amigo hay un secreto, o quiz\u00e1 varios. Su atracci\u00f3n por la misteriosa vida de Laverde, nacida al hilo de sus encuentros en un billar, se transforma en verdadera obsesi\u00f3n el d\u00eda en que \u00e9ste es asesinado. Convencido de que resolver el enigma de Laverde le se\u00f1alar\u00e1 un camino en su encrucijada vital, Yammara emprende una investigaci\u00f3n que se remonta a los primeros a\u00f1os setenta, cuando una generaci\u00f3n de j\u00f3venes idealistas fue testigo del nacimiento de un negocio que acabar\u00eda por llevar a Colombia \u2014y al mundo\u2014 al borde del abismo. A\u00f1os despu\u00e9s, la ex\u00f3tica fuga de un hipop\u00f3tamo, \u00faltimo vestigio del imposible zool\u00f3gico con el que Pablo Escobar exhib\u00eda su poder, es la chispa que lleva a Yammara a contar su historia y la de Ricardo Laverde, tratando de averiguar c\u00f3mo el negocio del narcotr\u00e1fico marc\u00f3 la vida privada de quienes nacieron con \u00e9l.<\/p>\n","protected":false},"excerpt":{"rendered":"<p>El ruido de las cosas al caer, XIV Premio Alfaguara de Novela 2011, es la historia de una amistad frustrada. Pero es tambi\u00e9n una doble historia de amor en tiempos poco propicios, y tambi\u00e9n una radiograf\u00eda de una generaci\u00f3n atrapada en el miedo, y tambi\u00e9n una investigaci\u00f3n llena de suspense en el pasado de un [&hellip;]<\/p>\n","protected":false},"featured_media":9424,"template":"","meta":[],"product_brand":[],"product_cat":[25],"product_tag":[1181,1286,1287,225],"class_list":{"0":"post-9420","1":"product","2":"type-product","3":"status-publish","4":"has-post-thumbnail","6":"product_cat-libros-digitales-ebooks","7":"product_tag-descargar-ebooks","8":"product_tag-el-ruido-de-las-cosas-al-caer","9":"product_tag-juan-gabriel-vasquez","10":"product_tag-mejores-novelas","12":"first","13":"instock","14":"shipping-taxable","15":"purchasable","16":"product-type-variable","17":"has-default-attributes"},"_links":{"self":[{"href":"https:\/\/www.taller-palabras.com\/WordPress_04\/wp-json\/wp\/v2\/product\/9420","targetHints":{"allow":["GET"]}}],"collection":[{"href":"https:\/\/www.taller-palabras.com\/WordPress_04\/wp-json\/wp\/v2\/product"}],"about":[{"href":"https:\/\/www.taller-palabras.com\/WordPress_04\/wp-json\/wp\/v2\/types\/product"}],"wp:featuredmedia":[{"embeddable":true,"href":"https:\/\/www.taller-palabras.com\/WordPress_04\/wp-json\/wp\/v2\/media\/9424"}],"wp:attachment":[{"href":"https:\/\/www.taller-palabras.com\/WordPress_04\/wp-json\/wp\/v2\/media?parent=9420"}],"wp:term":[{"taxonomy":"product_brand","embeddable":true,"href":"https:\/\/www.taller-palabras.com\/WordPress_04\/wp-json\/wp\/v2\/product_brand?post=9420"},{"taxonomy":"product_cat","embeddable":true,"href":"https:\/\/www.taller-palabras.com\/WordPress_04\/wp-json\/wp\/v2\/product_cat?post=9420"},{"taxonomy":"product_tag","embeddable":true,"href":"https:\/\/www.taller-palabras.com\/WordPress_04\/wp-json\/wp\/v2\/product_tag?post=9420"}],"curies":[{"name":"wp","href":"https:\/\/api.w.org\/{rel}","templated":true}]}}