{"id":9521,"date":"2020-08-24T12:55:45","date_gmt":"2020-08-24T15:55:45","guid":{"rendered":"https:\/\/www.taller-palabras.com\/WordPress_04\/?post_type=product&#038;p=9521"},"modified":"2024-04-24T17:01:02","modified_gmt":"2024-04-24T20:01:02","slug":"penelope-y-las-doce-criadas-margaret-atwood-ebook","status":"publish","type":"product","link":"https:\/\/www.taller-palabras.com\/WordPress_04\/producto\/penelope-y-las-doce-criadas-margaret-atwood-ebook","title":{"rendered":"Pen\u00e9lope y las doce criadas &#8211; Margaret Atwood \/ebook"},"content":{"rendered":"<figure id=\"attachment_2328\" aria-describedby=\"caption-attachment-2328\" style=\"width: 150px\" class=\"wp-caption alignleft\"><img loading=\"lazy\" decoding=\"async\" class=\"wp-image-2328 size-thumbnail\" src=\"https:\/\/www.taller-palabras.com\/WordPress_04\/wp-content\/uploads\/2020\/08\/margaretAtwood-150x150.jpg\" alt=\"\" width=\"150\" height=\"150\" srcset=\"https:\/\/www.taller-palabras.com\/WordPress_04\/wp-content\/uploads\/2020\/08\/margaretAtwood-150x150.jpg 150w, https:\/\/www.taller-palabras.com\/WordPress_04\/wp-content\/uploads\/2020\/08\/margaretAtwood-100x100.jpg 100w\" sizes=\"auto, (max-width: 150px) 100vw, 150px\" \/><figcaption id=\"caption-attachment-2328\" class=\"wp-caption-text\">Autora Margaret Atwood<\/figcaption><\/figure>\n<p>Probablemente una de las gestas heroicas m\u00e1s glosadas y conocidas de todos los tiempos, el regreso de Ulises a \u00cdtaca nos deja tambi\u00e9n un gran interrogante acerca de la terrible matanza de los pretendientes de Pen\u00e9lope y sus doce criadas: \u00bfpor qu\u00e9 se ahorc\u00f3 a las mujeres y cu\u00e1les eran las verdaderas intenciones de Pen\u00e9lope? En un audaz e inspirado giro al relato de Homero, Margaret Atwood cede a Pen\u00e9lope la voz narradora que nos conduce hacia la respuesta del misterioso suceso. Su relato, colmado de sabidur\u00eda y humor, resulta inquietante, fruto de la imaginaci\u00f3n de una autora ampliamente reconocida por su capacidad de contar historias con un elevado tono po\u00e9tico.<\/p>\n","protected":false},"excerpt":{"rendered":"<p>Probablemente una de las gestas heroicas m\u00e1s glosadas y conocidas de todos los tiempos, el regreso de Ulises a \u00cdtaca nos deja tambi\u00e9n un gran interrogante acerca de la terrible matanza de los pretendientes de Pen\u00e9lope y sus doce criadas: \u00bfpor qu\u00e9 se ahorc\u00f3 a las mujeres y cu\u00e1les eran las verdaderas intenciones de Pen\u00e9lope? [&hellip;]<\/p>\n","protected":false},"featured_media":9524,"template":"","meta":[],"product_brand":[],"product_cat":[25],"product_tag":[54,479,249,45],"class_list":{"0":"post-9521","1":"product","2":"type-product","3":"status-publish","4":"has-post-thumbnail","6":"product_cat-libros-digitales-ebooks","7":"product_tag-descargar-ebook","8":"product_tag-los-testamentos","9":"product_tag-margaret-atwood","10":"product_tag-mejor-novela","12":"first","13":"instock","14":"shipping-taxable","15":"purchasable","16":"product-type-variable","17":"has-default-attributes"},"_links":{"self":[{"href":"https:\/\/www.taller-palabras.com\/WordPress_04\/wp-json\/wp\/v2\/product\/9521","targetHints":{"allow":["GET"]}}],"collection":[{"href":"https:\/\/www.taller-palabras.com\/WordPress_04\/wp-json\/wp\/v2\/product"}],"about":[{"href":"https:\/\/www.taller-palabras.com\/WordPress_04\/wp-json\/wp\/v2\/types\/product"}],"wp:featuredmedia":[{"embeddable":true,"href":"https:\/\/www.taller-palabras.com\/WordPress_04\/wp-json\/wp\/v2\/media\/9524"}],"wp:attachment":[{"href":"https:\/\/www.taller-palabras.com\/WordPress_04\/wp-json\/wp\/v2\/media?parent=9521"}],"wp:term":[{"taxonomy":"product_brand","embeddable":true,"href":"https:\/\/www.taller-palabras.com\/WordPress_04\/wp-json\/wp\/v2\/product_brand?post=9521"},{"taxonomy":"product_cat","embeddable":true,"href":"https:\/\/www.taller-palabras.com\/WordPress_04\/wp-json\/wp\/v2\/product_cat?post=9521"},{"taxonomy":"product_tag","embeddable":true,"href":"https:\/\/www.taller-palabras.com\/WordPress_04\/wp-json\/wp\/v2\/product_tag?post=9521"}],"curies":[{"name":"wp","href":"https:\/\/api.w.org\/{rel}","templated":true}]}}