{"id":9537,"date":"2021-10-21T10:37:38","date_gmt":"2021-10-21T13:37:38","guid":{"rendered":"https:\/\/www.taller-palabras.com\/WordPress_04\/?post_type=product&#038;p=9537"},"modified":"2024-04-24T17:21:50","modified_gmt":"2024-04-24T20:21:50","slug":"los-mitos-griegos-i-robert-graves-ebook","status":"publish","type":"product","link":"https:\/\/www.taller-palabras.com\/WordPress_04\/producto\/los-mitos-griegos-i-robert-graves-ebook","title":{"rendered":"Los mitos griegos I &#8211; Robert Graves \/ebook"},"content":{"rendered":"<figure id=\"attachment_928\" aria-describedby=\"caption-attachment-928\" style=\"width: 150px\" class=\"wp-caption alignleft\"><img loading=\"lazy\" decoding=\"async\" class=\"wp-image-928 size-thumbnail\" src=\"https:\/\/www.taller-palabras.com\/WordPress_04\/wp-content\/uploads\/2020\/01\/robertgraves-150x150.jpg\" alt=\"\" width=\"150\" height=\"150\" srcset=\"https:\/\/www.taller-palabras.com\/WordPress_04\/wp-content\/uploads\/2020\/01\/robertgraves-150x150.jpg 150w, https:\/\/www.taller-palabras.com\/WordPress_04\/wp-content\/uploads\/2020\/01\/robertgraves-100x100.jpg 100w\" sizes=\"auto, (max-width: 150px) 100vw, 150px\" \/><figcaption id=\"caption-attachment-928\" class=\"wp-caption-text\">Autor Robert Graves<\/figcaption><\/figure>\n<p>Apasionado por el mundo cl\u00e1sico, Robert Graves public\u00f3 en 1955 esta recreaci\u00f3n narrada de los mitos griegos I y II, que se ha convertido con el paso de los a\u00f1os en una obra de referencia ineludible para iniciarse en el fascinante mundo de la antig\u00fcedad. La erudici\u00f3n y la magistral prosa de Graves combinadas dan como resultado una deslumbrante inmersi\u00f3n en los avatares de los h\u00e9roes y los dioses, a trav\u00e9s de una sucesi\u00f3n de mitos que siguen hoy ilumin\u00e1ndolos sobre temas eternos como las pasiones, el odio, los celos, la culpa, la ambici\u00f3n, la codicia, el miedo, la traici\u00f3n, los deseos inconfesables&#8230; Forjadores de un universo simb\u00f3lico que ha marcado el imaginario de Occidente a lo largo de la historia, por estas p\u00e1ginas desfilan Zeus, Narciso, Afrodita, Hermes, Atenea, Orestes, las Parcas, Apolo, Poseid\u00f3n, Dioniso, Perseo, S\u00edsifo, Midas, Teseo, Edipo, Pen\u00e9lope, Heracles&#8230; Un delicioso paseo por el mundo de los mitos griegos. Un cl\u00e1sico imprescindible en cualquier biblioteca.<\/p>\n","protected":false},"excerpt":{"rendered":"<p>Apasionado por el mundo cl\u00e1sico, Robert Graves public\u00f3 en 1955 esta recreaci\u00f3n narrada de los mitos griegos I y II, que se ha convertido con el paso de los a\u00f1os en una obra de referencia ineludible para iniciarse en el fascinante mundo de la antig\u00fcedad. La erudici\u00f3n y la magistral prosa de Graves combinadas dan [&hellip;]<\/p>\n","protected":false},"featured_media":9540,"template":"","meta":[],"product_brand":[],"product_cat":[25],"product_tag":[54,1288,45,212],"class_list":{"0":"post-9537","1":"product","2":"type-product","3":"status-publish","4":"has-post-thumbnail","6":"product_cat-libros-digitales-ebooks","7":"product_tag-descargar-ebook","8":"product_tag-los-mitos-griegos","9":"product_tag-mejor-novela","10":"product_tag-robert-graves","12":"first","13":"instock","14":"shipping-taxable","15":"purchasable","16":"product-type-variable","17":"has-default-attributes"},"_links":{"self":[{"href":"https:\/\/www.taller-palabras.com\/WordPress_04\/wp-json\/wp\/v2\/product\/9537","targetHints":{"allow":["GET"]}}],"collection":[{"href":"https:\/\/www.taller-palabras.com\/WordPress_04\/wp-json\/wp\/v2\/product"}],"about":[{"href":"https:\/\/www.taller-palabras.com\/WordPress_04\/wp-json\/wp\/v2\/types\/product"}],"wp:featuredmedia":[{"embeddable":true,"href":"https:\/\/www.taller-palabras.com\/WordPress_04\/wp-json\/wp\/v2\/media\/9540"}],"wp:attachment":[{"href":"https:\/\/www.taller-palabras.com\/WordPress_04\/wp-json\/wp\/v2\/media?parent=9537"}],"wp:term":[{"taxonomy":"product_brand","embeddable":true,"href":"https:\/\/www.taller-palabras.com\/WordPress_04\/wp-json\/wp\/v2\/product_brand?post=9537"},{"taxonomy":"product_cat","embeddable":true,"href":"https:\/\/www.taller-palabras.com\/WordPress_04\/wp-json\/wp\/v2\/product_cat?post=9537"},{"taxonomy":"product_tag","embeddable":true,"href":"https:\/\/www.taller-palabras.com\/WordPress_04\/wp-json\/wp\/v2\/product_tag?post=9537"}],"curies":[{"name":"wp","href":"https:\/\/api.w.org\/{rel}","templated":true}]}}