{"id":9550,"date":"2024-08-23T13:24:24","date_gmt":"2024-08-23T16:24:24","guid":{"rendered":"https:\/\/www.taller-palabras.com\/WordPress_04\/?post_type=product&#038;p=9550"},"modified":"2026-04-28T16:52:16","modified_gmt":"2026-04-28T19:52:16","slug":"american-gods-neil-gaiman-ebook","status":"publish","type":"product","link":"https:\/\/www.taller-palabras.com\/WordPress_04\/producto\/american-gods-neil-gaiman-ebook","title":{"rendered":"American Gods &#8211; Neil Gaiman \/ebook"},"content":{"rendered":"<figure id=\"attachment_9553\" aria-describedby=\"caption-attachment-9553\" style=\"width: 150px\" class=\"wp-caption alignleft\"><img loading=\"lazy\" decoding=\"async\" class=\"wp-image-9553 size-thumbnail\" src=\"https:\/\/www.taller-palabras.com\/WordPress_04\/wp-content\/uploads\/2024\/04\/Neil-Gaiman-150x150.jpg\" alt=\"\" width=\"150\" height=\"150\" \/><figcaption id=\"caption-attachment-9553\" class=\"wp-caption-text\">Autor Neil Gaiman<\/figcaption><\/figure>\n<p>D\u00edas antes de salir de prisi\u00f3n, la mujer de Sombra, Laura, muere en un misterioso accidente de coche. Aturdido por el dolor, emprende el regreso a casa. En el avi\u00f3n, se encontrar\u00e1 con el enigm\u00e1tico se\u00f1or Wendnesday, que dice ser un refugiado de una guerra antigua, un dios y tambi\u00e9n el rey de Am\u00e9rica. Juntos se embarcan en un viaje extra\u00f1o a trav\u00e9s de los Estados Unidos, mientras una tormenta de dimensiones \u00e9picas amenaza con desencadenarse. Poco a poco descubriremos que Wendnesday es una encarnaci\u00f3n de Od\u00edn y que est\u00e1 reclutando viejos dioses, cuyos poderes han disminuido por el tiempo y la falta de creyentes, para participar en una guerra contra los nuevos dioses: aquellos que conforman la tecnolog\u00eda moderna.<\/p>\n","protected":false},"excerpt":{"rendered":"<p>D\u00edas antes de salir de prisi\u00f3n, la mujer de Sombra, Laura, muere en un misterioso accidente de coche. Aturdido por el dolor, emprende el regreso a casa. En el avi\u00f3n, se encontrar\u00e1 con el enigm\u00e1tico se\u00f1or Wendnesday, que dice ser un refugiado de una guerra antigua, un dios y tambi\u00e9n el rey de Am\u00e9rica. Juntos [&hellip;]<\/p>\n","protected":false},"featured_media":9554,"template":"","meta":[],"product_brand":[],"product_cat":[25],"product_tag":[1291,1181,225,1075],"class_list":{"0":"post-9550","1":"product","2":"type-product","3":"status-publish","4":"has-post-thumbnail","6":"product_cat-libros-digitales-ebooks","7":"product_tag-american-gods","8":"product_tag-descargar-ebooks","9":"product_tag-mejores-novelas","10":"product_tag-neil-gaiman","12":"first","13":"instock","14":"shipping-taxable","15":"purchasable","16":"product-type-variable","17":"has-default-attributes"},"_links":{"self":[{"href":"https:\/\/www.taller-palabras.com\/WordPress_04\/wp-json\/wp\/v2\/product\/9550","targetHints":{"allow":["GET"]}}],"collection":[{"href":"https:\/\/www.taller-palabras.com\/WordPress_04\/wp-json\/wp\/v2\/product"}],"about":[{"href":"https:\/\/www.taller-palabras.com\/WordPress_04\/wp-json\/wp\/v2\/types\/product"}],"wp:featuredmedia":[{"embeddable":true,"href":"https:\/\/www.taller-palabras.com\/WordPress_04\/wp-json\/wp\/v2\/media\/9554"}],"wp:attachment":[{"href":"https:\/\/www.taller-palabras.com\/WordPress_04\/wp-json\/wp\/v2\/media?parent=9550"}],"wp:term":[{"taxonomy":"product_brand","embeddable":true,"href":"https:\/\/www.taller-palabras.com\/WordPress_04\/wp-json\/wp\/v2\/product_brand?post=9550"},{"taxonomy":"product_cat","embeddable":true,"href":"https:\/\/www.taller-palabras.com\/WordPress_04\/wp-json\/wp\/v2\/product_cat?post=9550"},{"taxonomy":"product_tag","embeddable":true,"href":"https:\/\/www.taller-palabras.com\/WordPress_04\/wp-json\/wp\/v2\/product_tag?post=9550"}],"curies":[{"name":"wp","href":"https:\/\/api.w.org\/{rel}","templated":true}]}}