{"id":9599,"date":"2024-05-01T13:18:42","date_gmt":"2024-05-01T16:18:42","guid":{"rendered":"https:\/\/www.taller-palabras.com\/WordPress_04\/?post_type=product&#038;p=9599"},"modified":"2024-05-02T14:33:58","modified_gmt":"2024-05-02T17:33:58","slug":"un-pais-banado-en-sangre-paul-auster-ebook","status":"publish","type":"product","link":"https:\/\/www.taller-palabras.com\/WordPress_04\/producto\/un-pais-banado-en-sangre-paul-auster-ebook","title":{"rendered":"Un pa\u00eds ba\u00f1ado en sangre &#8211; Paul Auster \/ebook"},"content":{"rendered":"<figure id=\"attachment_2239\" aria-describedby=\"caption-attachment-2239\" style=\"width: 150px\" class=\"wp-caption alignleft\"><img loading=\"lazy\" decoding=\"async\" class=\"wp-image-2239 size-thumbnail\" src=\"https:\/\/www.taller-palabras.com\/WordPress_04\/wp-content\/uploads\/2020\/07\/PaulAuster-150x150.jpg\" alt=\"\" width=\"150\" height=\"150\" srcset=\"https:\/\/www.taller-palabras.com\/WordPress_04\/wp-content\/uploads\/2020\/07\/PaulAuster-150x150.jpg 150w, https:\/\/www.taller-palabras.com\/WordPress_04\/wp-content\/uploads\/2020\/07\/PaulAuster-324x324.jpg 324w, https:\/\/www.taller-palabras.com\/WordPress_04\/wp-content\/uploads\/2020\/07\/PaulAuster-100x100.jpg 100w\" sizes=\"auto, (max-width: 150px) 100vw, 150px\" \/><figcaption id=\"caption-attachment-2239\" class=\"wp-caption-text\">Autor Paul Auster<\/figcaption><\/figure>\n<p>\u00abLa pistola que mat\u00f3 a mi abuelo es la misma arma que destroz\u00f3 la vida de mi padre\u00bb<br \/>\nPaul Auster, como la mayor\u00eda de los ni\u00f1os estadounidenses, creci\u00f3 jugando con pistolas de juguete e imitando a los vaqueros de las pel\u00edculas del Oeste. Pero tambi\u00e9n aprendi\u00f3 que las familias pueden quedar destrozadas como consecuencia de la violencia: su abuela dispar\u00f3 y mat\u00f3 a su abuelo cuando su padre ten\u00eda solo seis a\u00f1os, algo que afect\u00f3 a la vida de toda la familia durante d\u00e9cadas.<br \/>\nNing\u00fan tema divide m\u00e1s a los estadounidenses que el debate sobre las armas y, cada d\u00eda, m\u00e1s de cien personas mueren a causa de ellas. Estas cifras se alejan tanto de lo que sucede en otros pa\u00edses que solo cabe preguntarse por qu\u00e9. \u00ab\u00bfPor qu\u00e9 es tan diferente Estados Unidos y qu\u00e9 nos convierte en el pa\u00eds m\u00e1s violento del mundo occidental?\u00bb, escribe Auster.<br \/>\nLa maestr\u00eda narrativa de Paul Auster se une a las impactantes fotograf\u00edas de Spencer Ostrander en un libro que mezcla biograf\u00eda, an\u00e9cdotas hist\u00f3ricas y un an\u00e1lisis certero de los datos. Un pa\u00eds ba\u00f1ado en sangre abarca desde el origen de Estados Unidos, marcado por el conflicto armado contra la poblaci\u00f3n nativa y la esclavitud de millones de personas, hasta los tiroteos masivos que dominan la actualidad informativa, en un c\u00edrculo vicioso que se alimenta a s\u00ed mismo.<\/p>\n","protected":false},"excerpt":{"rendered":"<p>\u00abLa pistola que mat\u00f3 a mi abuelo es la misma arma que destroz\u00f3 la vida de mi padre\u00bb Paul Auster, como la mayor\u00eda de los ni\u00f1os estadounidenses, creci\u00f3 jugando con pistolas de juguete e imitando a los vaqueros de las pel\u00edculas del Oeste. Pero tambi\u00e9n aprendi\u00f3 que las familias pueden quedar destrozadas como consecuencia de [&hellip;]<\/p>\n","protected":false},"featured_media":9620,"template":"","meta":[],"product_brand":[],"product_cat":[25],"product_tag":[54,45,233,1296],"class_list":{"0":"post-9599","1":"product","2":"type-product","3":"status-publish","4":"has-post-thumbnail","6":"product_cat-libros-digitales-ebooks","7":"product_tag-descargar-ebook","8":"product_tag-mejor-novela","9":"product_tag-paul-auster","10":"product_tag-un-pais-banado-en-sangre","12":"first","13":"instock","14":"shipping-taxable","15":"purchasable","16":"product-type-variable","17":"has-default-attributes"},"_links":{"self":[{"href":"https:\/\/www.taller-palabras.com\/WordPress_04\/wp-json\/wp\/v2\/product\/9599","targetHints":{"allow":["GET"]}}],"collection":[{"href":"https:\/\/www.taller-palabras.com\/WordPress_04\/wp-json\/wp\/v2\/product"}],"about":[{"href":"https:\/\/www.taller-palabras.com\/WordPress_04\/wp-json\/wp\/v2\/types\/product"}],"wp:featuredmedia":[{"embeddable":true,"href":"https:\/\/www.taller-palabras.com\/WordPress_04\/wp-json\/wp\/v2\/media\/9620"}],"wp:attachment":[{"href":"https:\/\/www.taller-palabras.com\/WordPress_04\/wp-json\/wp\/v2\/media?parent=9599"}],"wp:term":[{"taxonomy":"product_brand","embeddable":true,"href":"https:\/\/www.taller-palabras.com\/WordPress_04\/wp-json\/wp\/v2\/product_brand?post=9599"},{"taxonomy":"product_cat","embeddable":true,"href":"https:\/\/www.taller-palabras.com\/WordPress_04\/wp-json\/wp\/v2\/product_cat?post=9599"},{"taxonomy":"product_tag","embeddable":true,"href":"https:\/\/www.taller-palabras.com\/WordPress_04\/wp-json\/wp\/v2\/product_tag?post=9599"}],"curies":[{"name":"wp","href":"https:\/\/api.w.org\/{rel}","templated":true}]}}