{"id":9623,"date":"2024-05-04T11:21:55","date_gmt":"2024-05-04T14:21:55","guid":{"rendered":"https:\/\/www.taller-palabras.com\/WordPress_04\/?post_type=product&#038;p=9623"},"modified":"2024-05-04T11:29:49","modified_gmt":"2024-05-04T14:29:49","slug":"el-paciente-ingles-michael-ondaatje-ebook","status":"publish","type":"product","link":"https:\/\/www.taller-palabras.com\/WordPress_04\/producto\/el-paciente-ingles-michael-ondaatje-ebook","title":{"rendered":"El paciente ingles &#8211; Michael Ondaatje \/ebook"},"content":{"rendered":"<figure id=\"attachment_9626\" aria-describedby=\"caption-attachment-9626\" style=\"width: 150px\" class=\"wp-caption alignleft\"><img loading=\"lazy\" decoding=\"async\" class=\"wp-image-9626 size-thumbnail\" src=\"https:\/\/www.taller-palabras.com\/WordPress_04\/wp-content\/uploads\/2024\/05\/Michael-Ondaatje-150x150.jpg\" alt=\"\" width=\"150\" height=\"150\" srcset=\"https:\/\/www.taller-palabras.com\/WordPress_04\/wp-content\/uploads\/2024\/05\/Michael-Ondaatje-150x150.jpg 150w, https:\/\/www.taller-palabras.com\/WordPress_04\/wp-content\/uploads\/2024\/05\/Michael-Ondaatje-100x100.jpg 100w, https:\/\/www.taller-palabras.com\/WordPress_04\/wp-content\/uploads\/2024\/05\/Michael-Ondaatje.jpg 198w\" sizes=\"auto, (max-width: 150px) 100vw, 150px\" \/><figcaption id=\"caption-attachment-9626\" class=\"wp-caption-text\">Autor Michael Ondaatje<\/figcaption><\/figure>\n<p>En los \u00faltimos d\u00edas de la Segunda Guerra Mundial, cuatro personajes se re\u00fanen en una villa en ruinas en la Toscana: un enigm\u00e1tico hombre sin memoria, que agoniza con el cuerpo completamente quemado, una joven enfermera que cree traer la desgracia a cuantos ama, un c\u00ednico superviviente mutilado y un sij dedicado a la desactivaci\u00f3n de explosivos\u2026 Cuatro extranjeros de s\u00ed mismos, atrapados en la retaguardia de sus recuerdos, que van recomponiendo el destrozado mosaico de sus identidades a trav\u00e9s de las intermitentes y atormentadas revelaciones de una historia de amor y celos\u2026<\/p>\n","protected":false},"excerpt":{"rendered":"<p>En los \u00faltimos d\u00edas de la Segunda Guerra Mundial, cuatro personajes se re\u00fanen en una villa en ruinas en la Toscana: un enigm\u00e1tico hombre sin memoria, que agoniza con el cuerpo completamente quemado, una joven enfermera que cree traer la desgracia a cuantos ama, un c\u00ednico superviviente mutilado y un sij dedicado a la desactivaci\u00f3n [&hellip;]<\/p>\n","protected":false},"featured_media":9628,"template":"","meta":[],"product_brand":[],"product_cat":[25],"product_tag":[54,1298,45,1297],"class_list":{"0":"post-9623","1":"product","2":"type-product","3":"status-publish","4":"has-post-thumbnail","6":"product_cat-libros-digitales-ebooks","7":"product_tag-descargar-ebook","8":"product_tag-el-paciente-ingles","9":"product_tag-mejor-novela","10":"product_tag-michael-ondaatje","12":"first","13":"instock","14":"shipping-taxable","15":"purchasable","16":"product-type-variable","17":"has-default-attributes"},"_links":{"self":[{"href":"https:\/\/www.taller-palabras.com\/WordPress_04\/wp-json\/wp\/v2\/product\/9623","targetHints":{"allow":["GET"]}}],"collection":[{"href":"https:\/\/www.taller-palabras.com\/WordPress_04\/wp-json\/wp\/v2\/product"}],"about":[{"href":"https:\/\/www.taller-palabras.com\/WordPress_04\/wp-json\/wp\/v2\/types\/product"}],"wp:featuredmedia":[{"embeddable":true,"href":"https:\/\/www.taller-palabras.com\/WordPress_04\/wp-json\/wp\/v2\/media\/9628"}],"wp:attachment":[{"href":"https:\/\/www.taller-palabras.com\/WordPress_04\/wp-json\/wp\/v2\/media?parent=9623"}],"wp:term":[{"taxonomy":"product_brand","embeddable":true,"href":"https:\/\/www.taller-palabras.com\/WordPress_04\/wp-json\/wp\/v2\/product_brand?post=9623"},{"taxonomy":"product_cat","embeddable":true,"href":"https:\/\/www.taller-palabras.com\/WordPress_04\/wp-json\/wp\/v2\/product_cat?post=9623"},{"taxonomy":"product_tag","embeddable":true,"href":"https:\/\/www.taller-palabras.com\/WordPress_04\/wp-json\/wp\/v2\/product_tag?post=9623"}],"curies":[{"name":"wp","href":"https:\/\/api.w.org\/{rel}","templated":true}]}}