{"id":9642,"date":"2020-05-02T11:33:58","date_gmt":"2020-05-02T14:33:58","guid":{"rendered":"https:\/\/www.taller-palabras.com\/WordPress_04\/?post_type=product&#038;p=9642"},"modified":"2024-05-05T13:28:11","modified_gmt":"2024-05-05T16:28:11","slug":"ensayos-completos-paul-auster-ebook","status":"publish","type":"product","link":"https:\/\/www.taller-palabras.com\/WordPress_04\/producto\/ensayos-completos-paul-auster-ebook","title":{"rendered":"Ensayos completos &#8211; Paul Auster  \/ebook"},"content":{"rendered":"<p>&nbsp;<\/p>\n<figure id=\"attachment_2239\" aria-describedby=\"caption-attachment-2239\" style=\"width: 150px\" class=\"wp-caption alignleft\"><img loading=\"lazy\" decoding=\"async\" class=\"wp-image-2239 size-thumbnail\" src=\"https:\/\/www.taller-palabras.com\/WordPress_04\/wp-content\/uploads\/2020\/07\/PaulAuster-150x150.jpg\" alt=\"\" width=\"150\" height=\"150\" srcset=\"https:\/\/www.taller-palabras.com\/WordPress_04\/wp-content\/uploads\/2020\/07\/PaulAuster-150x150.jpg 150w, https:\/\/www.taller-palabras.com\/WordPress_04\/wp-content\/uploads\/2020\/07\/PaulAuster-324x324.jpg 324w, https:\/\/www.taller-palabras.com\/WordPress_04\/wp-content\/uploads\/2020\/07\/PaulAuster-100x100.jpg 100w\" sizes=\"auto, (max-width: 150px) 100vw, 150px\" \/><figcaption id=\"caption-attachment-2239\" class=\"wp-caption-text\">Autor Paul Auster<\/figcaption><\/figure>\n<p>En Ensayos completos se re\u00fanen los textos ensay\u00edsticos de uno de los autores contempor\u00e1neos m\u00e1s reconocidos. Historias verdaderas, prefacios, ensayos, entrevistas y otras piezas en las que Paul Auster posa su mirada en distintos aspectos de la realidad que lo rodea. Una obra imprescindible para entender el imaginario del autor de La trilog\u00eda de Nueva York y El libro de las ilusiones.<\/p>\n<p>&nbsp;<\/p>\n","protected":false},"excerpt":{"rendered":"<p>&nbsp; En Ensayos completos se re\u00fanen los textos ensay\u00edsticos de uno de los autores contempor\u00e1neos m\u00e1s reconocidos. Historias verdaderas, prefacios, ensayos, entrevistas y otras piezas en las que Paul Auster posa su mirada en distintos aspectos de la realidad que lo rodea. Una obra imprescindible para entender el imaginario del autor de La trilog\u00eda de [&hellip;]<\/p>\n","protected":false},"featured_media":9645,"template":"","meta":[],"product_brand":[],"product_cat":[25],"product_tag":[54,1300,45,233],"class_list":{"0":"post-9642","1":"product","2":"type-product","3":"status-publish","4":"has-post-thumbnail","6":"product_cat-libros-digitales-ebooks","7":"product_tag-descargar-ebook","8":"product_tag-ensayos-completos","9":"product_tag-mejor-novela","10":"product_tag-paul-auster","12":"first","13":"instock","14":"shipping-taxable","15":"purchasable","16":"product-type-variable","17":"has-default-attributes"},"_links":{"self":[{"href":"https:\/\/www.taller-palabras.com\/WordPress_04\/wp-json\/wp\/v2\/product\/9642","targetHints":{"allow":["GET"]}}],"collection":[{"href":"https:\/\/www.taller-palabras.com\/WordPress_04\/wp-json\/wp\/v2\/product"}],"about":[{"href":"https:\/\/www.taller-palabras.com\/WordPress_04\/wp-json\/wp\/v2\/types\/product"}],"wp:featuredmedia":[{"embeddable":true,"href":"https:\/\/www.taller-palabras.com\/WordPress_04\/wp-json\/wp\/v2\/media\/9645"}],"wp:attachment":[{"href":"https:\/\/www.taller-palabras.com\/WordPress_04\/wp-json\/wp\/v2\/media?parent=9642"}],"wp:term":[{"taxonomy":"product_brand","embeddable":true,"href":"https:\/\/www.taller-palabras.com\/WordPress_04\/wp-json\/wp\/v2\/product_brand?post=9642"},{"taxonomy":"product_cat","embeddable":true,"href":"https:\/\/www.taller-palabras.com\/WordPress_04\/wp-json\/wp\/v2\/product_cat?post=9642"},{"taxonomy":"product_tag","embeddable":true,"href":"https:\/\/www.taller-palabras.com\/WordPress_04\/wp-json\/wp\/v2\/product_tag?post=9642"}],"curies":[{"name":"wp","href":"https:\/\/api.w.org\/{rel}","templated":true}]}}