{"id":9682,"date":"2024-03-09T11:24:31","date_gmt":"2024-03-09T14:24:31","guid":{"rendered":"https:\/\/www.taller-palabras.com\/WordPress_04\/?post_type=product&#038;p=9682"},"modified":"2024-05-12T10:25:53","modified_gmt":"2024-05-12T13:25:53","slug":"casablanca-juan-tejero-ebook","status":"publish","type":"product","link":"https:\/\/www.taller-palabras.com\/WordPress_04\/producto\/casablanca-juan-tejero-ebook","title":{"rendered":"Casablanca &#8211; Juan Tejero \/ebook"},"content":{"rendered":"<figure id=\"attachment_9686\" aria-describedby=\"caption-attachment-9686\" style=\"width: 150px\" class=\"wp-caption alignleft\"><img loading=\"lazy\" decoding=\"async\" class=\"wp-image-9686 size-thumbnail\" src=\"https:\/\/www.taller-palabras.com\/WordPress_04\/wp-content\/uploads\/2024\/05\/juan-tejero-150x150.jpg\" alt=\"\" width=\"150\" height=\"150\" srcset=\"https:\/\/www.taller-palabras.com\/WordPress_04\/wp-content\/uploads\/2024\/05\/juan-tejero-150x150.jpg 150w, https:\/\/www.taller-palabras.com\/WordPress_04\/wp-content\/uploads\/2024\/05\/juan-tejero-100x100.jpg 100w, https:\/\/www.taller-palabras.com\/WordPress_04\/wp-content\/uploads\/2024\/05\/juan-tejero.jpg 283w\" sizes=\"auto, (max-width: 150px) 100vw, 150px\" \/><figcaption id=\"caption-attachment-9686\" class=\"wp-caption-text\">Autor Juan Tejero<\/figcaption><\/figure>\n<p>La historia sobre la historia.<br \/>\nLas primeras p\u00e1ginas de la historia de la pel\u00edcula cuentan que su origen no tuvo nada de extraordinario. \u201cCasablanca\u201d nunca ocult\u00f3 su modesta condici\u00f3n de filme de propaganda antinazi, una m\u00e1s de las muchas que salieron de los estudios de Hollywood a principios de los a\u00f1os cuarenta. Pero el caso es que tuvo un \u00e9xito extraordinario, gan\u00f3 el Oscar a la mejor pel\u00edcula y se convirti\u00f3, con el paso del tiempo, en una de las cumbres del s\u00e9ptimo arte.<br \/>\n\u201cCasablanca\u201d es la \u00abfelicidad de los accidentes afortunados\u00bb.<br \/>\nEste libro nos cuenta, sin omitir detalle alguno, c\u00f3mo ocurri\u00f3 este maravilloso accidente.<\/p>\n","protected":false},"excerpt":{"rendered":"<p>La historia sobre la historia. Las primeras p\u00e1ginas de la historia de la pel\u00edcula cuentan que su origen no tuvo nada de extraordinario. \u201cCasablanca\u201d nunca ocult\u00f3 su modesta condici\u00f3n de filme de propaganda antinazi, una m\u00e1s de las muchas que salieron de los estudios de Hollywood a principios de los a\u00f1os cuarenta. Pero el caso [&hellip;]<\/p>\n","protected":false},"featured_media":9685,"template":"","meta":[],"product_brand":[],"product_cat":[25],"product_tag":[1271,1181,1272],"class_list":{"0":"post-9682","1":"product","2":"type-product","3":"status-publish","4":"has-post-thumbnail","6":"product_cat-libros-digitales-ebooks","7":"product_tag-dante-alighieri","8":"product_tag-descargar-ebooks","9":"product_tag-la-divina-comedia","11":"first","12":"instock","13":"shipping-taxable","14":"purchasable","15":"product-type-variable","16":"has-default-attributes"},"_links":{"self":[{"href":"https:\/\/www.taller-palabras.com\/WordPress_04\/wp-json\/wp\/v2\/product\/9682","targetHints":{"allow":["GET"]}}],"collection":[{"href":"https:\/\/www.taller-palabras.com\/WordPress_04\/wp-json\/wp\/v2\/product"}],"about":[{"href":"https:\/\/www.taller-palabras.com\/WordPress_04\/wp-json\/wp\/v2\/types\/product"}],"wp:featuredmedia":[{"embeddable":true,"href":"https:\/\/www.taller-palabras.com\/WordPress_04\/wp-json\/wp\/v2\/media\/9685"}],"wp:attachment":[{"href":"https:\/\/www.taller-palabras.com\/WordPress_04\/wp-json\/wp\/v2\/media?parent=9682"}],"wp:term":[{"taxonomy":"product_brand","embeddable":true,"href":"https:\/\/www.taller-palabras.com\/WordPress_04\/wp-json\/wp\/v2\/product_brand?post=9682"},{"taxonomy":"product_cat","embeddable":true,"href":"https:\/\/www.taller-palabras.com\/WordPress_04\/wp-json\/wp\/v2\/product_cat?post=9682"},{"taxonomy":"product_tag","embeddable":true,"href":"https:\/\/www.taller-palabras.com\/WordPress_04\/wp-json\/wp\/v2\/product_tag?post=9682"}],"curies":[{"name":"wp","href":"https:\/\/api.w.org\/{rel}","templated":true}]}}