{"id":9694,"date":"2024-03-09T11:25:16","date_gmt":"2024-03-09T14:25:16","guid":{"rendered":"https:\/\/www.taller-palabras.com\/WordPress_04\/?post_type=product&#038;p=9694"},"modified":"2024-05-11T10:59:19","modified_gmt":"2024-05-11T13:59:19","slug":"el-principe-nicolas-maquiavelo-ebook","status":"publish","type":"product","link":"https:\/\/www.taller-palabras.com\/WordPress_04\/producto\/el-principe-nicolas-maquiavelo-ebook","title":{"rendered":"El Principe &#8211; Nicolas Maquiavelo \/ebook"},"content":{"rendered":"<figure id=\"attachment_9689\" aria-describedby=\"caption-attachment-9689\" style=\"width: 150px\" class=\"wp-caption alignleft\"><img loading=\"lazy\" decoding=\"async\" class=\"wp-image-9689 size-thumbnail\" src=\"https:\/\/www.taller-palabras.com\/WordPress_04\/wp-content\/uploads\/2024\/05\/Nicolas-Maquivelo-150x150.jpg\" alt=\"\" width=\"150\" height=\"150\" srcset=\"https:\/\/www.taller-palabras.com\/WordPress_04\/wp-content\/uploads\/2024\/05\/Nicolas-Maquivelo-150x150.jpg 150w, https:\/\/www.taller-palabras.com\/WordPress_04\/wp-content\/uploads\/2024\/05\/Nicolas-Maquivelo-100x100.jpg 100w, https:\/\/www.taller-palabras.com\/WordPress_04\/wp-content\/uploads\/2024\/05\/Nicolas-Maquivelo.jpg 283w\" sizes=\"auto, (max-width: 150px) 100vw, 150px\" \/><figcaption id=\"caption-attachment-9689\" class=\"wp-caption-text\">Autor Nicol\u00e1s Maquiavelo<\/figcaption><\/figure>\n<p>&#8216;El Pr\u00edncipe&#8217; (en el original en italiano: &#8216;Il Principe&#8217;) es un tratado de doctrina pol\u00edtica escrito por Nicol\u00e1s Maquiavelo en 1513 mientras se encontraba confinado en San Casciano por la acusaci\u00f3n de haber conspirado en contra de los M\u00e9dici. Fue dedicado a Lorenzo II de M\u00e9dici, duque de Urbino, en respuesta a dicha acusaci\u00f3n, a modo de regalo. Se trata sin duda de su obra con m\u00e1s renombre, aquella por la cual ha nacido el sustantivo \u00abmaquiavelismo\u00bb y el adjetivo \u00abmaquiav\u00e9lico\u00bb. A pesar del uso despectivo que se le confiere al t\u00e9rmino, \u00abmaquiav\u00e9lico\u00bb no es otra cosa sino una obra dotada de un gran conocimiento de la psique humana, un enorme sentido com\u00fan y mucho pragmatismo. Tanto es as\u00ed, que muchos hombres de negocios y pol\u00edticos han extrapolado algunas de sus ideas.<\/p>\n","protected":false},"excerpt":{"rendered":"<p>&#8216;El Pr\u00edncipe&#8217; (en el original en italiano: &#8216;Il Principe&#8217;) es un tratado de doctrina pol\u00edtica escrito por Nicol\u00e1s Maquiavelo en 1513 mientras se encontraba confinado en San Casciano por la acusaci\u00f3n de haber conspirado en contra de los M\u00e9dici. Fue dedicado a Lorenzo II de M\u00e9dici, duque de Urbino, en respuesta a dicha acusaci\u00f3n, a [&hellip;]<\/p>\n","protected":false},"featured_media":9688,"template":"","meta":[],"product_brand":[],"product_cat":[25],"product_tag":[1181,1304,1303],"class_list":{"0":"post-9694","1":"product","2":"type-product","3":"status-publish","4":"has-post-thumbnail","6":"product_cat-libros-digitales-ebooks","7":"product_tag-descargar-ebooks","8":"product_tag-el-principe","9":"product_tag-nicolas-maquiavelo","11":"first","12":"instock","13":"shipping-taxable","14":"purchasable","15":"product-type-variable","16":"has-default-attributes"},"_links":{"self":[{"href":"https:\/\/www.taller-palabras.com\/WordPress_04\/wp-json\/wp\/v2\/product\/9694","targetHints":{"allow":["GET"]}}],"collection":[{"href":"https:\/\/www.taller-palabras.com\/WordPress_04\/wp-json\/wp\/v2\/product"}],"about":[{"href":"https:\/\/www.taller-palabras.com\/WordPress_04\/wp-json\/wp\/v2\/types\/product"}],"wp:featuredmedia":[{"embeddable":true,"href":"https:\/\/www.taller-palabras.com\/WordPress_04\/wp-json\/wp\/v2\/media\/9688"}],"wp:attachment":[{"href":"https:\/\/www.taller-palabras.com\/WordPress_04\/wp-json\/wp\/v2\/media?parent=9694"}],"wp:term":[{"taxonomy":"product_brand","embeddable":true,"href":"https:\/\/www.taller-palabras.com\/WordPress_04\/wp-json\/wp\/v2\/product_brand?post=9694"},{"taxonomy":"product_cat","embeddable":true,"href":"https:\/\/www.taller-palabras.com\/WordPress_04\/wp-json\/wp\/v2\/product_cat?post=9694"},{"taxonomy":"product_tag","embeddable":true,"href":"https:\/\/www.taller-palabras.com\/WordPress_04\/wp-json\/wp\/v2\/product_tag?post=9694"}],"curies":[{"name":"wp","href":"https:\/\/api.w.org\/{rel}","templated":true}]}}