{"id":9699,"date":"2024-03-09T11:26:33","date_gmt":"2024-03-09T14:26:33","guid":{"rendered":"https:\/\/www.taller-palabras.com\/WordPress_04\/?post_type=product&#038;p=9699"},"modified":"2024-05-11T11:04:20","modified_gmt":"2024-05-11T14:04:20","slug":"sherlock-holmes-arthur-conan-doyle-ebook","status":"publish","type":"product","link":"https:\/\/www.taller-palabras.com\/WordPress_04\/producto\/sherlock-holmes-arthur-conan-doyle-ebook","title":{"rendered":"Sherlock Holmes &#8211; Arthur Conan Doyle  \/ebook"},"content":{"rendered":"<figure id=\"attachment_9687\" aria-describedby=\"caption-attachment-9687\" style=\"width: 150px\" class=\"wp-caption alignleft\"><img loading=\"lazy\" decoding=\"async\" class=\"wp-image-9687 size-thumbnail\" src=\"https:\/\/www.taller-palabras.com\/WordPress_04\/wp-content\/uploads\/2024\/05\/Arthur-Conan-Doyle-150x150.jpg\" alt=\"\" width=\"150\" height=\"150\" srcset=\"https:\/\/www.taller-palabras.com\/WordPress_04\/wp-content\/uploads\/2024\/05\/Arthur-Conan-Doyle-150x150.jpg 150w, https:\/\/www.taller-palabras.com\/WordPress_04\/wp-content\/uploads\/2024\/05\/Arthur-Conan-Doyle-100x100.jpg 100w, https:\/\/www.taller-palabras.com\/WordPress_04\/wp-content\/uploads\/2024\/05\/Arthur-Conan-Doyle.jpg 250w\" sizes=\"auto, (max-width: 150px) 100vw, 150px\" \/><figcaption id=\"caption-attachment-9687\" class=\"wp-caption-text\">Autor Arthur Conan Doyle<\/figcaption><\/figure>\n<p>Sherlock Holmes, personaje ficticio creado en 1887 por sir Arthur Conan Doyle, es un \u00abdetective asesor\u00bb en el Londres de finales del siglo XIX, que destaca por su inteligencia y h\u00e1bil uso de la observaci\u00f3n y el razonamiento deductivo para resolver casos dif\u00edciles. Es protagonista de una serie de 4 novelas y 56 relatos de ficci\u00f3n, que componen el \u00abcanon holmesiano\u00bb, publicados en su mayor\u00eda por \u00abThe Strand Magazine\u00bb.<\/p>\n","protected":false},"excerpt":{"rendered":"<p>Sherlock Holmes, personaje ficticio creado en 1887 por sir Arthur Conan Doyle, es un \u00abdetective asesor\u00bb en el Londres de finales del siglo XIX, que destaca por su inteligencia y h\u00e1bil uso de la observaci\u00f3n y el razonamiento deductivo para resolver casos dif\u00edciles. Es protagonista de una serie de 4 novelas y 56 relatos de [&hellip;]<\/p>\n","protected":false},"featured_media":9690,"template":"","meta":[],"product_brand":[],"product_cat":[25],"product_tag":[1305,1181,1306],"class_list":{"0":"post-9699","1":"product","2":"type-product","3":"status-publish","4":"has-post-thumbnail","6":"product_cat-libros-digitales-ebooks","7":"product_tag-arthur-conan-doyle","8":"product_tag-descargar-ebooks","9":"product_tag-sherlock-holmes","11":"first","12":"instock","13":"shipping-taxable","14":"purchasable","15":"product-type-variable","16":"has-default-attributes"},"_links":{"self":[{"href":"https:\/\/www.taller-palabras.com\/WordPress_04\/wp-json\/wp\/v2\/product\/9699","targetHints":{"allow":["GET"]}}],"collection":[{"href":"https:\/\/www.taller-palabras.com\/WordPress_04\/wp-json\/wp\/v2\/product"}],"about":[{"href":"https:\/\/www.taller-palabras.com\/WordPress_04\/wp-json\/wp\/v2\/types\/product"}],"wp:featuredmedia":[{"embeddable":true,"href":"https:\/\/www.taller-palabras.com\/WordPress_04\/wp-json\/wp\/v2\/media\/9690"}],"wp:attachment":[{"href":"https:\/\/www.taller-palabras.com\/WordPress_04\/wp-json\/wp\/v2\/media?parent=9699"}],"wp:term":[{"taxonomy":"product_brand","embeddable":true,"href":"https:\/\/www.taller-palabras.com\/WordPress_04\/wp-json\/wp\/v2\/product_brand?post=9699"},{"taxonomy":"product_cat","embeddable":true,"href":"https:\/\/www.taller-palabras.com\/WordPress_04\/wp-json\/wp\/v2\/product_cat?post=9699"},{"taxonomy":"product_tag","embeddable":true,"href":"https:\/\/www.taller-palabras.com\/WordPress_04\/wp-json\/wp\/v2\/product_tag?post=9699"}],"curies":[{"name":"wp","href":"https:\/\/api.w.org\/{rel}","templated":true}]}}