{"id":9747,"date":"2024-05-17T15:46:00","date_gmt":"2024-05-17T18:46:00","guid":{"rendered":"https:\/\/www.taller-palabras.com\/WordPress_04\/?post_type=product&#038;p=9747"},"modified":"2024-05-17T15:50:08","modified_gmt":"2024-05-17T18:50:08","slug":"winter-4-marissa-meyer-ebook","status":"publish","type":"product","link":"https:\/\/www.taller-palabras.com\/WordPress_04\/producto\/winter-4-marissa-meyer-ebook","title":{"rendered":"Winter (4) &#8211; Marissa Meyer \/ebook"},"content":{"rendered":"<figure id=\"attachment_9752\" aria-describedby=\"caption-attachment-9752\" style=\"width: 150px\" class=\"wp-caption alignleft\"><img loading=\"lazy\" decoding=\"async\" class=\"wp-image-9752 size-thumbnail\" src=\"https:\/\/www.taller-palabras.com\/WordPress_04\/wp-content\/uploads\/2024\/05\/Marissa-Meyer-150x150.jpeg\" alt=\"\" width=\"150\" height=\"150\" srcset=\"https:\/\/www.taller-palabras.com\/WordPress_04\/wp-content\/uploads\/2024\/05\/Marissa-Meyer-150x150.jpeg 150w, https:\/\/www.taller-palabras.com\/WordPress_04\/wp-content\/uploads\/2024\/05\/Marissa-Meyer-100x100.jpeg 100w, https:\/\/www.taller-palabras.com\/WordPress_04\/wp-content\/uploads\/2024\/05\/Marissa-Meyer.jpeg 224w\" sizes=\"auto, (max-width: 150px) 100vw, 150px\" \/><figcaption id=\"caption-attachment-9752\" class=\"wp-caption-text\">Autora Marissa Meyer<\/figcaption><\/figure>\n<p>Hab\u00eda una vez\u2026 una joven princesa que era tan hermosa como la luz del d\u00eda; que era a\u00fan m\u00e1s hermosa que la propia reina. Cinder y sus compa\u00f1eros lograron suspender la boda real. El nuevo plan es lograr lo imposible: la rebeli\u00f3n en Luna, pero un solo paso en falso puede acabar con la vida y los sue\u00f1os de todos. Lo que Cinder a\u00fan no sabe es que en Luna encontrar\u00e1 una aliada decisiva: una joven que con su belleza y su bondad puede ser la clave para destronar a la reina Levana. \u00bfSer\u00e1 Winter, la muchacha fr\u00e1gil e ingenua, la que les muestre a los lunares que existe una vida m\u00e1s all\u00e1 de la manipulaci\u00f3n y del terror? En el \u00faltimo tomo de \u00abCr\u00f3nicas Lunares\u00bb, Marissa Meyer cierra maravillosamente una historia que te mantuvo en vilo, te enamor\u00f3 de sus protagonistas y te hizo desear el tan esperado \u00aby vivieron felices por siempre\u00bb. \u00bfSuceder\u00e1? Con la magia de un cuento de hadas y la emoci\u00f3n vertiginosa de la ficci\u00f3n dist\u00f3pica, \u00abCr\u00f3nicas Lunares\u00bb atrapa al lector desde la primera p\u00e1gina.<\/p>\n","protected":false},"excerpt":{"rendered":"<p>Hab\u00eda una vez\u2026 una joven princesa que era tan hermosa como la luz del d\u00eda; que era a\u00fan m\u00e1s hermosa que la propia reina. Cinder y sus compa\u00f1eros lograron suspender la boda real. El nuevo plan es lograr lo imposible: la rebeli\u00f3n en Luna, pero un solo paso en falso puede acabar con la vida [&hellip;]<\/p>\n","protected":false},"featured_media":9754,"template":"","meta":[],"product_brand":[],"product_cat":[25],"product_tag":[54,1307,45,1308],"class_list":{"0":"post-9747","1":"product","2":"type-product","3":"status-publish","4":"has-post-thumbnail","6":"product_cat-libros-digitales-ebooks","7":"product_tag-descargar-ebook","8":"product_tag-marissa-meyer","9":"product_tag-mejor-novela","10":"product_tag-winter","12":"first","13":"instock","14":"shipping-taxable","15":"purchasable","16":"product-type-variable","17":"has-default-attributes"},"_links":{"self":[{"href":"https:\/\/www.taller-palabras.com\/WordPress_04\/wp-json\/wp\/v2\/product\/9747","targetHints":{"allow":["GET"]}}],"collection":[{"href":"https:\/\/www.taller-palabras.com\/WordPress_04\/wp-json\/wp\/v2\/product"}],"about":[{"href":"https:\/\/www.taller-palabras.com\/WordPress_04\/wp-json\/wp\/v2\/types\/product"}],"wp:featuredmedia":[{"embeddable":true,"href":"https:\/\/www.taller-palabras.com\/WordPress_04\/wp-json\/wp\/v2\/media\/9754"}],"wp:attachment":[{"href":"https:\/\/www.taller-palabras.com\/WordPress_04\/wp-json\/wp\/v2\/media?parent=9747"}],"wp:term":[{"taxonomy":"product_brand","embeddable":true,"href":"https:\/\/www.taller-palabras.com\/WordPress_04\/wp-json\/wp\/v2\/product_brand?post=9747"},{"taxonomy":"product_cat","embeddable":true,"href":"https:\/\/www.taller-palabras.com\/WordPress_04\/wp-json\/wp\/v2\/product_cat?post=9747"},{"taxonomy":"product_tag","embeddable":true,"href":"https:\/\/www.taller-palabras.com\/WordPress_04\/wp-json\/wp\/v2\/product_tag?post=9747"}],"curies":[{"name":"wp","href":"https:\/\/api.w.org\/{rel}","templated":true}]}}