{"id":9764,"date":"2024-05-17T15:53:22","date_gmt":"2024-05-17T18:53:22","guid":{"rendered":"https:\/\/www.taller-palabras.com\/WordPress_04\/?post_type=product&#038;p=9764"},"modified":"2024-05-17T15:55:20","modified_gmt":"2024-05-17T18:55:20","slug":"scarlet-2-marissa-meyer-ebook","status":"publish","type":"product","link":"https:\/\/www.taller-palabras.com\/WordPress_04\/producto\/scarlet-2-marissa-meyer-ebook","title":{"rendered":"Scarlet (2) &#8211; Marissa Meyer \/ebook"},"content":{"rendered":"<figure id=\"attachment_9752\" aria-describedby=\"caption-attachment-9752\" style=\"width: 150px\" class=\"wp-caption alignleft\"><img loading=\"lazy\" decoding=\"async\" class=\"wp-image-9752 size-thumbnail\" src=\"https:\/\/www.taller-palabras.com\/WordPress_04\/wp-content\/uploads\/2024\/05\/Marissa-Meyer-150x150.jpeg\" alt=\"\" width=\"150\" height=\"150\" srcset=\"https:\/\/www.taller-palabras.com\/WordPress_04\/wp-content\/uploads\/2024\/05\/Marissa-Meyer-150x150.jpeg 150w, https:\/\/www.taller-palabras.com\/WordPress_04\/wp-content\/uploads\/2024\/05\/Marissa-Meyer-100x100.jpeg 100w, https:\/\/www.taller-palabras.com\/WordPress_04\/wp-content\/uploads\/2024\/05\/Marissa-Meyer.jpeg 224w\" sizes=\"auto, (max-width: 150px) 100vw, 150px\" \/><figcaption id=\"caption-attachment-9752\" class=\"wp-caption-text\">Autora Marissa Meyer<\/figcaption><\/figure>\n<p>\u00c9rase una vez\u2026 una chica llamada Scarlet. Deb\u00eda encontrar a su abuela desaparecida y decidi\u00f3 tomar el camino m\u00e1s r\u00e1pido\u2026, que tambi\u00e9n era el m\u00e1s peligroso. Sin embargo, cuando se encontr\u00f3 con Wolf descubri\u00f3 que los lobos no son como los de los cuentos. \u00bfO s\u00ed?<\/p>\n","protected":false},"excerpt":{"rendered":"<p>\u00c9rase una vez\u2026 una chica llamada Scarlet. Deb\u00eda encontrar a su abuela desaparecida y decidi\u00f3 tomar el camino m\u00e1s r\u00e1pido\u2026, que tambi\u00e9n era el m\u00e1s peligroso. Sin embargo, cuando se encontr\u00f3 con Wolf descubri\u00f3 que los lobos no son como los de los cuentos. \u00bfO s\u00ed?<\/p>\n","protected":false},"featured_media":9753,"template":"","meta":[],"product_brand":[],"product_cat":[25],"product_tag":[54,1307,45,1310],"class_list":{"0":"post-9764","1":"product","2":"type-product","3":"status-publish","4":"has-post-thumbnail","6":"product_cat-libros-digitales-ebooks","7":"product_tag-descargar-ebook","8":"product_tag-marissa-meyer","9":"product_tag-mejor-novela","10":"product_tag-scarlet","12":"first","13":"instock","14":"shipping-taxable","15":"purchasable","16":"product-type-variable","17":"has-default-attributes"},"_links":{"self":[{"href":"https:\/\/www.taller-palabras.com\/WordPress_04\/wp-json\/wp\/v2\/product\/9764","targetHints":{"allow":["GET"]}}],"collection":[{"href":"https:\/\/www.taller-palabras.com\/WordPress_04\/wp-json\/wp\/v2\/product"}],"about":[{"href":"https:\/\/www.taller-palabras.com\/WordPress_04\/wp-json\/wp\/v2\/types\/product"}],"wp:featuredmedia":[{"embeddable":true,"href":"https:\/\/www.taller-palabras.com\/WordPress_04\/wp-json\/wp\/v2\/media\/9753"}],"wp:attachment":[{"href":"https:\/\/www.taller-palabras.com\/WordPress_04\/wp-json\/wp\/v2\/media?parent=9764"}],"wp:term":[{"taxonomy":"product_brand","embeddable":true,"href":"https:\/\/www.taller-palabras.com\/WordPress_04\/wp-json\/wp\/v2\/product_brand?post=9764"},{"taxonomy":"product_cat","embeddable":true,"href":"https:\/\/www.taller-palabras.com\/WordPress_04\/wp-json\/wp\/v2\/product_cat?post=9764"},{"taxonomy":"product_tag","embeddable":true,"href":"https:\/\/www.taller-palabras.com\/WordPress_04\/wp-json\/wp\/v2\/product_tag?post=9764"}],"curies":[{"name":"wp","href":"https:\/\/api.w.org\/{rel}","templated":true}]}}