{"id":9768,"date":"2024-05-17T15:56:39","date_gmt":"2024-05-17T18:56:39","guid":{"rendered":"https:\/\/www.taller-palabras.com\/WordPress_04\/?post_type=product&#038;p=9768"},"modified":"2024-05-17T15:58:36","modified_gmt":"2024-05-17T18:58:36","slug":"cinder-1-marissa-meyer-ebook","status":"publish","type":"product","link":"https:\/\/www.taller-palabras.com\/WordPress_04\/producto\/cinder-1-marissa-meyer-ebook","title":{"rendered":"Cinder (1) &#8211; Marissa Meyer \/ebook"},"content":{"rendered":"<figure id=\"attachment_9752\" aria-describedby=\"caption-attachment-9752\" style=\"width: 150px\" class=\"wp-caption alignleft\"><img loading=\"lazy\" decoding=\"async\" class=\"wp-image-9752 size-thumbnail\" src=\"https:\/\/www.taller-palabras.com\/WordPress_04\/wp-content\/uploads\/2024\/05\/Marissa-Meyer-150x150.jpeg\" alt=\"\" width=\"150\" height=\"150\" srcset=\"https:\/\/www.taller-palabras.com\/WordPress_04\/wp-content\/uploads\/2024\/05\/Marissa-Meyer-150x150.jpeg 150w, https:\/\/www.taller-palabras.com\/WordPress_04\/wp-content\/uploads\/2024\/05\/Marissa-Meyer-100x100.jpeg 100w, https:\/\/www.taller-palabras.com\/WordPress_04\/wp-content\/uploads\/2024\/05\/Marissa-Meyer.jpeg 224w\" sizes=\"auto, (max-width: 150px) 100vw, 150px\" \/><figcaption id=\"caption-attachment-9752\" class=\"wp-caption-text\">Autora Marissa Meyer<\/figcaption><\/figure>\n<p>Bienvenidos a Nueva Pek\u00edn, metr\u00f3poli central de un mundo futuro donde humanos, ciborgs y androides coexisten en precaria convivencia, amenazados todos por una extra\u00f1a y caprichosa plaga mortal para la que los cient\u00edficos no encuentran cura. Esa es la ciudad en la que vive Linh Cinder o, simplemente, Cinder, una ciborg que, por serlo, es odiada y despreciada por todos, y sobre todos, por Adri, su madrastra, cuyo amor y respeto jam\u00e1s ha tenido a pesar de que gracias al trabajo de Cinder ella y sus dos hijas, Pearl y Peony, pueden salir adelante y aparentar m\u00e1s de lo que son. Aunque no todo son malas noticias: Peony es su mejor amiga. Su mejor amiga humana. Sabe que no lo lograr\u00e1, pero no deja de alimentar la esperanza, que sabe vana, de ganarse el favor de su familia y de ir, \u00bfpor qu\u00e9 no?, al baile real que cada a\u00f1o se celebra en Palacio. Pero es el cuento de nunca acabar porque Adri, que no deja de prometerle lo mejor para cuando acabe lo que sea que tiene que hacer, siempre le tiene guardada una tarea nueva, que arregle el levitador o cualquier otro cachivache. Porque Cinder es la mejor mec\u00e1nica de Nueva Pek\u00edn, y tan grande es su fama que el mism\u00edsimo Pr\u00edncipe Kaito, heredero de la Comunidad Oriental, ha acudido a su cuchitril en el mercado para confiarle el arreglo de su androide. \u00abContiene informaci\u00f3n confidencial y es una cuesti\u00f3n de seguridad nacional que la recupere\u2026 antes de que lo haga otra persona\u00bb, le explica. Vale, Cinder es una ciborg pero no es de piedra, y ese pr\u00edncipe se demuestra capaz de alterar todos sus circuitos. Pero se cierne sobre ella, sobre ellos, una amenaza m\u00e1s grave que el enamoramiento: la de una fuerza procedente del espacio exterior que aguarda el momento adecuado para atacar la tierra.<\/p>\n","protected":false},"excerpt":{"rendered":"<p>Bienvenidos a Nueva Pek\u00edn, metr\u00f3poli central de un mundo futuro donde humanos, ciborgs y androides coexisten en precaria convivencia, amenazados todos por una extra\u00f1a y caprichosa plaga mortal para la que los cient\u00edficos no encuentran cura. Esa es la ciudad en la que vive Linh Cinder o, simplemente, Cinder, una ciborg que, por serlo, es [&hellip;]<\/p>\n","protected":false},"featured_media":9750,"template":"","meta":[],"product_brand":[],"product_cat":[25],"product_tag":[1311,54,1307,45],"class_list":{"0":"post-9768","1":"product","2":"type-product","3":"status-publish","4":"has-post-thumbnail","6":"product_cat-libros-digitales-ebooks","7":"product_tag-cinder","8":"product_tag-descargar-ebook","9":"product_tag-marissa-meyer","10":"product_tag-mejor-novela","12":"first","13":"instock","14":"shipping-taxable","15":"purchasable","16":"product-type-variable","17":"has-default-attributes"},"_links":{"self":[{"href":"https:\/\/www.taller-palabras.com\/WordPress_04\/wp-json\/wp\/v2\/product\/9768","targetHints":{"allow":["GET"]}}],"collection":[{"href":"https:\/\/www.taller-palabras.com\/WordPress_04\/wp-json\/wp\/v2\/product"}],"about":[{"href":"https:\/\/www.taller-palabras.com\/WordPress_04\/wp-json\/wp\/v2\/types\/product"}],"wp:featuredmedia":[{"embeddable":true,"href":"https:\/\/www.taller-palabras.com\/WordPress_04\/wp-json\/wp\/v2\/media\/9750"}],"wp:attachment":[{"href":"https:\/\/www.taller-palabras.com\/WordPress_04\/wp-json\/wp\/v2\/media?parent=9768"}],"wp:term":[{"taxonomy":"product_brand","embeddable":true,"href":"https:\/\/www.taller-palabras.com\/WordPress_04\/wp-json\/wp\/v2\/product_brand?post=9768"},{"taxonomy":"product_cat","embeddable":true,"href":"https:\/\/www.taller-palabras.com\/WordPress_04\/wp-json\/wp\/v2\/product_cat?post=9768"},{"taxonomy":"product_tag","embeddable":true,"href":"https:\/\/www.taller-palabras.com\/WordPress_04\/wp-json\/wp\/v2\/product_tag?post=9768"}],"curies":[{"name":"wp","href":"https:\/\/api.w.org\/{rel}","templated":true}]}}