{"id":9790,"date":"2024-05-17T16:32:55","date_gmt":"2024-05-17T19:32:55","guid":{"rendered":"https:\/\/www.taller-palabras.com\/WordPress_04\/?post_type=product&#038;p=9790"},"modified":"2024-05-17T16:35:24","modified_gmt":"2024-05-17T19:35:24","slug":"belleza-cruel-rosamund-hodge-ebook","status":"publish","type":"product","link":"https:\/\/www.taller-palabras.com\/WordPress_04\/producto\/belleza-cruel-rosamund-hodge-ebook","title":{"rendered":"Belleza Cruel &#8211; Rosamund Hodge  \/ebook"},"content":{"rendered":"<figure id=\"attachment_9781\" aria-describedby=\"caption-attachment-9781\" style=\"width: 150px\" class=\"wp-caption alignleft\"><img loading=\"lazy\" decoding=\"async\" class=\"wp-image-9781 size-full\" src=\"https:\/\/www.taller-palabras.com\/WordPress_04\/wp-content\/uploads\/2024\/05\/Rosamund_Hodge.jpg\" alt=\"\" width=\"150\" height=\"150\" srcset=\"https:\/\/www.taller-palabras.com\/WordPress_04\/wp-content\/uploads\/2024\/05\/Rosamund_Hodge.jpg 150w, https:\/\/www.taller-palabras.com\/WordPress_04\/wp-content\/uploads\/2024\/05\/Rosamund_Hodge-100x100.jpg 100w\" sizes=\"auto, (max-width: 150px) 100vw, 150px\" \/><figcaption id=\"caption-attachment-9781\" class=\"wp-caption-text\">Autora Rosamund Hodge<\/figcaption><\/figure>\n<p>Desde su nacimiento, Nyx ha sido prometida al malvado gobernante de su reino \u2014todo por un trato temerario de su padre. Desde entonces han estado entren\u00e1ndola para matarlo. Traicionada por su familia y obligada a obedecerla, Nyx clama contra su destino. En su decimos\u00e9ptimo cumplea\u00f1os abandona todo lo que conoce para casarse con el todopoderoso e inmortal Ignifex. \u00bfSu plan? Seducirlo, desarmarlo y romper la maldici\u00f3n que pesa sobre su pueblo desde hace novecientos a\u00f1os. Pero Ignifex no es lo que Nyx esperaba. Su encanto, la seducci\u00f3n, y su castillo \u2014un m\u00e1gico laberinto de habitaciones en movimiento\u2014, la tienen cautiva. Mientras Nyx busca una forma de liberar a su pueblo descubriendo los secretos de Ignifex, se sentir\u00e1 involuntariamente atra\u00edda por \u00e9l. Aun atrevi\u00e9ndose a amar a su enemigo, \u00bfc\u00f3mo negar su deber de matarlo? Basado en el cl\u00e1sico cuento de La Bella y la Bestia, Belleza Cruel es una historia de amor deslumbrante sobre nuestros m\u00e1s oscuros deseos y su poder para cambiar nuestro destino.<\/p>\n","protected":false},"excerpt":{"rendered":"<p>Desde su nacimiento, Nyx ha sido prometida al malvado gobernante de su reino \u2014todo por un trato temerario de su padre. Desde entonces han estado entren\u00e1ndola para matarlo. Traicionada por su familia y obligada a obedecerla, Nyx clama contra su destino. En su decimos\u00e9ptimo cumplea\u00f1os abandona todo lo que conoce para casarse con el todopoderoso [&hellip;]<\/p>\n","protected":false},"featured_media":9777,"template":"","meta":[],"product_brand":[],"product_cat":[25],"product_tag":[1317,54,45,1316],"class_list":{"0":"post-9790","1":"product","2":"type-product","3":"status-publish","4":"has-post-thumbnail","6":"product_cat-libros-digitales-ebooks","7":"product_tag-belleza-cruel","8":"product_tag-descargar-ebook","9":"product_tag-mejor-novela","10":"product_tag-rosamund-hodge","12":"first","13":"instock","14":"shipping-taxable","15":"purchasable","16":"product-type-variable","17":"has-default-attributes"},"_links":{"self":[{"href":"https:\/\/www.taller-palabras.com\/WordPress_04\/wp-json\/wp\/v2\/product\/9790","targetHints":{"allow":["GET"]}}],"collection":[{"href":"https:\/\/www.taller-palabras.com\/WordPress_04\/wp-json\/wp\/v2\/product"}],"about":[{"href":"https:\/\/www.taller-palabras.com\/WordPress_04\/wp-json\/wp\/v2\/types\/product"}],"wp:featuredmedia":[{"embeddable":true,"href":"https:\/\/www.taller-palabras.com\/WordPress_04\/wp-json\/wp\/v2\/media\/9777"}],"wp:attachment":[{"href":"https:\/\/www.taller-palabras.com\/WordPress_04\/wp-json\/wp\/v2\/media?parent=9790"}],"wp:term":[{"taxonomy":"product_brand","embeddable":true,"href":"https:\/\/www.taller-palabras.com\/WordPress_04\/wp-json\/wp\/v2\/product_brand?post=9790"},{"taxonomy":"product_cat","embeddable":true,"href":"https:\/\/www.taller-palabras.com\/WordPress_04\/wp-json\/wp\/v2\/product_cat?post=9790"},{"taxonomy":"product_tag","embeddable":true,"href":"https:\/\/www.taller-palabras.com\/WordPress_04\/wp-json\/wp\/v2\/product_tag?post=9790"}],"curies":[{"name":"wp","href":"https:\/\/api.w.org\/{rel}","templated":true}]}}