{"id":9799,"date":"2021-05-09T09:35:48","date_gmt":"2021-05-09T12:35:48","guid":{"rendered":"https:\/\/www.taller-palabras.com\/WordPress_04\/?post_type=product&#038;p=9799"},"modified":"2024-05-21T13:21:34","modified_gmt":"2024-05-21T16:21:34","slug":"al-faro-virginia-woolf-ebook","status":"publish","type":"product","link":"https:\/\/www.taller-palabras.com\/WordPress_04\/producto\/al-faro-virginia-woolf-ebook","title":{"rendered":"Al faro \u2013 Virginia Woolf \/ebook"},"content":{"rendered":"<figure id=\"attachment_3508\" aria-describedby=\"caption-attachment-3508\" style=\"width: 150px\" class=\"wp-caption alignleft\"><img loading=\"lazy\" decoding=\"async\" class=\"wp-image-3508 size-thumbnail\" src=\"https:\/\/www.taller-palabras.com\/WordPress_04\/wp-content\/uploads\/2021\/05\/VirginiaWoolf-150x150.jpg\" alt=\"\" width=\"150\" height=\"150\" srcset=\"https:\/\/www.taller-palabras.com\/WordPress_04\/wp-content\/uploads\/2021\/05\/VirginiaWoolf-150x150.jpg 150w, https:\/\/www.taller-palabras.com\/WordPress_04\/wp-content\/uploads\/2021\/05\/VirginiaWoolf-100x100.jpg 100w\" sizes=\"auto, (max-width: 150px) 100vw, 150px\" \/><figcaption id=\"caption-attachment-3508\" class=\"wp-caption-text\">Autora Virginia Woolf<\/figcaption><\/figure>\n<p>Movida por la inquietud de explorar el an\u00e1lisis de la conciencia en busca de una realidad m\u00e1s aut\u00e9ntica y esencial, Virginia Woolf encontr\u00f3 en la amalgama de sentimientos, pensamientos y emociones que es la subjetividad el material id\u00f3neo para alumbrar una de las obras que sin duda m\u00e1s han contribuido a forjar la sensibilidad contempor\u00e1nea. Basada en los recuerdos infantiles de los veranos que la autora pas\u00f3 en la costa de Cornualles y centrada en la figura de una mujer, la se\u00f1ora Ramsay, Al faro (1927) gira en torno al tema de la inexorabilidad del paso del tiempo y a la contraposici\u00f3n entre el orden y el caos.<\/p>\n","protected":false},"excerpt":{"rendered":"<p>Movida por la inquietud de explorar el an\u00e1lisis de la conciencia en busca de una realidad m\u00e1s aut\u00e9ntica y esencial, Virginia Woolf encontr\u00f3 en la amalgama de sentimientos, pensamientos y emociones que es la subjetividad el material id\u00f3neo para alumbrar una de las obras que sin duda m\u00e1s han contribuido a forjar la sensibilidad contempor\u00e1nea. [&hellip;]<\/p>\n","protected":false},"featured_media":9804,"template":"","meta":[],"product_brand":[],"product_cat":[25],"product_tag":[1318,136,55,427],"class_list":{"0":"post-9799","1":"product","2":"type-product","3":"status-publish","4":"has-post-thumbnail","6":"product_cat-libros-digitales-ebooks","7":"product_tag-al-faro","8":"product_tag-decargar-ebook","9":"product_tag-novelas","10":"product_tag-virginia-woolf","12":"first","13":"instock","14":"shipping-taxable","15":"purchasable","16":"product-type-variable","17":"has-default-attributes"},"_links":{"self":[{"href":"https:\/\/www.taller-palabras.com\/WordPress_04\/wp-json\/wp\/v2\/product\/9799","targetHints":{"allow":["GET"]}}],"collection":[{"href":"https:\/\/www.taller-palabras.com\/WordPress_04\/wp-json\/wp\/v2\/product"}],"about":[{"href":"https:\/\/www.taller-palabras.com\/WordPress_04\/wp-json\/wp\/v2\/types\/product"}],"wp:featuredmedia":[{"embeddable":true,"href":"https:\/\/www.taller-palabras.com\/WordPress_04\/wp-json\/wp\/v2\/media\/9804"}],"wp:attachment":[{"href":"https:\/\/www.taller-palabras.com\/WordPress_04\/wp-json\/wp\/v2\/media?parent=9799"}],"wp:term":[{"taxonomy":"product_brand","embeddable":true,"href":"https:\/\/www.taller-palabras.com\/WordPress_04\/wp-json\/wp\/v2\/product_brand?post=9799"},{"taxonomy":"product_cat","embeddable":true,"href":"https:\/\/www.taller-palabras.com\/WordPress_04\/wp-json\/wp\/v2\/product_cat?post=9799"},{"taxonomy":"product_tag","embeddable":true,"href":"https:\/\/www.taller-palabras.com\/WordPress_04\/wp-json\/wp\/v2\/product_tag?post=9799"}],"curies":[{"name":"wp","href":"https:\/\/api.w.org\/{rel}","templated":true}]}}