{"id":9836,"date":"2024-05-24T11:28:45","date_gmt":"2024-05-24T14:28:45","guid":{"rendered":"https:\/\/www.taller-palabras.com\/WordPress_04\/?post_type=product&#038;p=9836"},"modified":"2024-05-24T11:31:35","modified_gmt":"2024-05-24T14:31:35","slug":"un-tranvia-llamado-deseo-tennessee-williams-ebook","status":"publish","type":"product","link":"https:\/\/www.taller-palabras.com\/WordPress_04\/producto\/un-tranvia-llamado-deseo-tennessee-williams-ebook","title":{"rendered":"Un tranvia llamado deseo &#8211; Tennessee Williams  \/ebook"},"content":{"rendered":"<figure id=\"attachment_9827\" aria-describedby=\"caption-attachment-9827\" style=\"width: 150px\" class=\"wp-caption alignleft\"><img loading=\"lazy\" decoding=\"async\" class=\"wp-image-9827 size-thumbnail\" src=\"https:\/\/www.taller-palabras.com\/WordPress_04\/wp-content\/uploads\/2024\/05\/Tennessee-Williams-150x150.jpg\" alt=\"\" width=\"150\" height=\"150\" srcset=\"https:\/\/www.taller-palabras.com\/WordPress_04\/wp-content\/uploads\/2024\/05\/Tennessee-Williams-150x150.jpg 150w, https:\/\/www.taller-palabras.com\/WordPress_04\/wp-content\/uploads\/2024\/05\/Tennessee-Williams-100x100.jpg 100w, https:\/\/www.taller-palabras.com\/WordPress_04\/wp-content\/uploads\/2024\/05\/Tennessee-Williams.jpg 283w\" sizes=\"auto, (max-width: 150px) 100vw, 150px\" \/><figcaption id=\"caption-attachment-9827\" class=\"wp-caption-text\">Autor Tennessee Williams<\/figcaption><\/figure>\n<p>Un tranv\u00eda llamado deseo es un cl\u00e1sico del teatro norteamericano y la obra maestra del dramaturgo norteamericano Tennessee Williams. Esta obra le vali\u00f3 al autor el Premio Pulitzer en la categor\u00eda de Drama en 1948. Considerada como una de las obras m\u00e1s importantes de la literatura estadounidense, Un tranv\u00eda llamado deseo cuenta la historia de Blanche Du Bois, una dama sure\u00f1a con delirios de grandeza, refugiada en un mundo inventado, presumida, altanera y desequilibrada y de Stanley Kowalski, su rudo cu\u00f1ado miembro de la clase inmigrante proletaria, que en esos tiempos incrementaba su influencia y determinaci\u00f3n en la sociedad norteamericana.<\/p>\n","protected":false},"excerpt":{"rendered":"<p>Un tranv\u00eda llamado deseo es un cl\u00e1sico del teatro norteamericano y la obra maestra del dramaturgo norteamericano Tennessee Williams. Esta obra le vali\u00f3 al autor el Premio Pulitzer en la categor\u00eda de Drama en 1948. Considerada como una de las obras m\u00e1s importantes de la literatura estadounidense, Un tranv\u00eda llamado deseo cuenta la historia de [&hellip;]<\/p>\n","protected":false},"featured_media":9828,"template":"","meta":[],"product_brand":[],"product_cat":[25],"product_tag":[54,45,1319,1321],"class_list":{"0":"post-9836","1":"product","2":"type-product","3":"status-publish","4":"has-post-thumbnail","6":"product_cat-libros-digitales-ebooks","7":"product_tag-descargar-ebook","8":"product_tag-mejor-novela","9":"product_tag-tennessee-williams","10":"product_tag-un-tranvia-llamado-deseo","12":"first","13":"instock","14":"shipping-taxable","15":"purchasable","16":"product-type-variable","17":"has-default-attributes"},"_links":{"self":[{"href":"https:\/\/www.taller-palabras.com\/WordPress_04\/wp-json\/wp\/v2\/product\/9836","targetHints":{"allow":["GET"]}}],"collection":[{"href":"https:\/\/www.taller-palabras.com\/WordPress_04\/wp-json\/wp\/v2\/product"}],"about":[{"href":"https:\/\/www.taller-palabras.com\/WordPress_04\/wp-json\/wp\/v2\/types\/product"}],"wp:featuredmedia":[{"embeddable":true,"href":"https:\/\/www.taller-palabras.com\/WordPress_04\/wp-json\/wp\/v2\/media\/9828"}],"wp:attachment":[{"href":"https:\/\/www.taller-palabras.com\/WordPress_04\/wp-json\/wp\/v2\/media?parent=9836"}],"wp:term":[{"taxonomy":"product_brand","embeddable":true,"href":"https:\/\/www.taller-palabras.com\/WordPress_04\/wp-json\/wp\/v2\/product_brand?post=9836"},{"taxonomy":"product_cat","embeddable":true,"href":"https:\/\/www.taller-palabras.com\/WordPress_04\/wp-json\/wp\/v2\/product_cat?post=9836"},{"taxonomy":"product_tag","embeddable":true,"href":"https:\/\/www.taller-palabras.com\/WordPress_04\/wp-json\/wp\/v2\/product_tag?post=9836"}],"curies":[{"name":"wp","href":"https:\/\/api.w.org\/{rel}","templated":true}]}}