{"id":9905,"date":"2022-01-18T08:52:50","date_gmt":"2022-01-18T11:52:50","guid":{"rendered":"https:\/\/www.taller-palabras.com\/WordPress_04\/?post_type=product&#038;p=9905"},"modified":"2024-06-03T12:56:23","modified_gmt":"2024-06-03T15:56:23","slug":"saga-guerra-de-religiones-los-cuarenta-y-cinco-3-alexandre-dumas-ebook","status":"publish","type":"product","link":"https:\/\/www.taller-palabras.com\/WordPress_04\/producto\/saga-guerra-de-religiones-los-cuarenta-y-cinco-3-alexandre-dumas-ebook","title":{"rendered":"Saga: Guerra de religiones &#8211; La dama de Monsoreau (2) &#8211; Alexandre Dumas \/ebook"},"content":{"rendered":"<figure id=\"attachment_7248\" aria-describedby=\"caption-attachment-7248\" style=\"width: 150px\" class=\"wp-caption alignleft\"><img loading=\"lazy\" decoding=\"async\" class=\"wp-image-7248 size-thumbnail\" src=\"https:\/\/www.taller-palabras.com\/WordPress_04\/wp-content\/uploads\/2023\/07\/Alexander_Dumas_padre-150x150.jpg\" alt=\"\" width=\"150\" height=\"150\" srcset=\"https:\/\/www.taller-palabras.com\/WordPress_04\/wp-content\/uploads\/2023\/07\/Alexander_Dumas_padre-150x150.jpg 150w, https:\/\/www.taller-palabras.com\/WordPress_04\/wp-content\/uploads\/2023\/07\/Alexander_Dumas_padre-100x100.jpg 100w\" sizes=\"auto, (max-width: 150px) 100vw, 150px\" \/><figcaption id=\"caption-attachment-7248\" class=\"wp-caption-text\">Autor Alexandre Dumas<\/figcaption><\/figure>\n<p>Esta historia es la continuaci\u00f3n de La Reina Margarita ambientada en Par\u00eds en el a\u00f1o 1578. Carlos IX ha muerto, ahora reina su hermano Enrique III quien tiene como m\u00e1s fiel aliado y servidor a su buf\u00f3n Chicot quien siempre estar\u00e1 atento para velar por su rey. A su vez el Duque de Anjou, hermano del rey, tiene como mano derecha al valiente Bussy d&#8217;Ambroise quien al salir de la boda del favorito del rey San Lucas es atacado por los restantes favoritos del rey Maugiron, Quelus, Schomberg, Epernon y O, luego de luchar solo contra ellos, se salva al entrar en una casa y ser ayudado por una joven, a la que en medio de su delirio debido a las heridas que tenia, cree una visi\u00f3n. Despu\u00e9s de recuperado se enterar\u00e1 que dicha joven llamada Diana de Meridor est\u00e1 pr\u00e1cticamente secuestrada por el se\u00f1or de Monsoreau con la excusa de protegerla del duque de Anjou interesado en ella, pero Diana sabe que Monsoreau est\u00e1 obsesionado por ella. Por otro lado el Duque de Guisa planea junto con sus hermanos el Cardenal de Lorena, el duque de Mayena y la se\u00f1ora de Montpensier destronar al rey de Francia preparando un complot para que \u00e9l mismo firme su carta de abdicaci\u00f3n. Para ello cuentan con la ayuda del duque de Anjou al cual le han prometido que ser\u00e1 el sucesor de Enrique III y a buena parte del pueblo cat\u00f3lico que forma una agrupaci\u00f3n secreta llamada \u00abLa Liga\u00bb que desea una nueva Noche de San Bartolome. La acci\u00f3n de esta historia continua en Los Cuarenta y Cinco.<\/p>\n","protected":false},"excerpt":{"rendered":"<p>Esta historia es la continuaci\u00f3n de La Reina Margarita ambientada en Par\u00eds en el a\u00f1o 1578. Carlos IX ha muerto, ahora reina su hermano Enrique III quien tiene como m\u00e1s fiel aliado y servidor a su buf\u00f3n Chicot quien siempre estar\u00e1 atento para velar por su rey. A su vez el Duque de Anjou, hermano [&hellip;]<\/p>\n","protected":false},"featured_media":9908,"template":"","meta":[],"product_brand":[],"product_cat":[25,47],"product_tag":[687,54,1323,1324,45],"class_list":{"0":"post-9905","1":"product","2":"type-product","3":"status-publish","4":"has-post-thumbnail","6":"product_cat-libros-digitales-ebooks","7":"product_cat-libros-digitales-sagas","8":"product_tag-alexandre-dumas","9":"product_tag-descargar-ebook","10":"product_tag-la-dama-de-monsoreau","11":"product_tag-la-guerra-de-religiones","12":"product_tag-mejor-novela","14":"first","15":"instock","16":"shipping-taxable","17":"purchasable","18":"product-type-variable","19":"has-default-attributes"},"_links":{"self":[{"href":"https:\/\/www.taller-palabras.com\/WordPress_04\/wp-json\/wp\/v2\/product\/9905","targetHints":{"allow":["GET"]}}],"collection":[{"href":"https:\/\/www.taller-palabras.com\/WordPress_04\/wp-json\/wp\/v2\/product"}],"about":[{"href":"https:\/\/www.taller-palabras.com\/WordPress_04\/wp-json\/wp\/v2\/types\/product"}],"wp:featuredmedia":[{"embeddable":true,"href":"https:\/\/www.taller-palabras.com\/WordPress_04\/wp-json\/wp\/v2\/media\/9908"}],"wp:attachment":[{"href":"https:\/\/www.taller-palabras.com\/WordPress_04\/wp-json\/wp\/v2\/media?parent=9905"}],"wp:term":[{"taxonomy":"product_brand","embeddable":true,"href":"https:\/\/www.taller-palabras.com\/WordPress_04\/wp-json\/wp\/v2\/product_brand?post=9905"},{"taxonomy":"product_cat","embeddable":true,"href":"https:\/\/www.taller-palabras.com\/WordPress_04\/wp-json\/wp\/v2\/product_cat?post=9905"},{"taxonomy":"product_tag","embeddable":true,"href":"https:\/\/www.taller-palabras.com\/WordPress_04\/wp-json\/wp\/v2\/product_tag?post=9905"}],"curies":[{"name":"wp","href":"https:\/\/api.w.org\/{rel}","templated":true}]}}