{"id":9950,"date":"2024-06-07T12:53:44","date_gmt":"2024-06-07T15:53:44","guid":{"rendered":"https:\/\/www.taller-palabras.com\/WordPress_04\/?post_type=product&#038;p=9950"},"modified":"2024-06-07T13:05:38","modified_gmt":"2024-06-07T16:05:38","slug":"un-hombre-llamado-ove-fredrik-backman-ebook","status":"publish","type":"product","link":"https:\/\/www.taller-palabras.com\/WordPress_04\/producto\/un-hombre-llamado-ove-fredrik-backman-ebook","title":{"rendered":"Los renglones torcidos de Dios &#8211; Torcuato Luca de Tena  \/ebook"},"content":{"rendered":"<figure id=\"attachment_9960\" aria-describedby=\"caption-attachment-9960\" style=\"width: 150px\" class=\"wp-caption alignleft\"><img loading=\"lazy\" decoding=\"async\" class=\"wp-image-9960 size-thumbnail\" src=\"https:\/\/www.taller-palabras.com\/WordPress_04\/wp-content\/uploads\/2024\/06\/Torcuato_Tena-150x150.jpg\" alt=\"\" width=\"150\" height=\"150\" srcset=\"https:\/\/www.taller-palabras.com\/WordPress_04\/wp-content\/uploads\/2024\/06\/Torcuato_Tena-150x150.jpg 150w, https:\/\/www.taller-palabras.com\/WordPress_04\/wp-content\/uploads\/2024\/06\/Torcuato_Tena-100x100.jpg 100w, https:\/\/www.taller-palabras.com\/WordPress_04\/wp-content\/uploads\/2024\/06\/Torcuato_Tena.jpg 284w\" sizes=\"auto, (max-width: 150px) 100vw, 150px\" \/><figcaption id=\"caption-attachment-9960\" class=\"wp-caption-text\">Autor Torcuato Luca de Tena<\/figcaption><\/figure>\n<p>Alice Gould es ingresada en un sanatorio mental. En su delirio, cree ser una investigadora privada a cargo de un equipo de detectives dedicados a esclarecer complicados casos. Seg\u00fan una carta de su m\u00e9dico particular, la realidad es otra: su paranoica obsesi\u00f3n es atentar contra la vida de su marido. La extrema inteligencia de esta mujer y su actitud aparentemente normal confundir\u00e1n a los m\u00e9dicos hasta el punto de no saber a ciencia cierta si Alice ha sido ingresada injustamente o padece realmente un grave y peligroso trastorno psicol\u00f3gico.<\/p>\n","protected":false},"excerpt":{"rendered":"<p>Alice Gould es ingresada en un sanatorio mental. En su delirio, cree ser una investigadora privada a cargo de un equipo de detectives dedicados a esclarecer complicados casos. Seg\u00fan una carta de su m\u00e9dico particular, la realidad es otra: su paranoica obsesi\u00f3n es atentar contra la vida de su marido. La extrema inteligencia de esta [&hellip;]<\/p>\n","protected":false},"featured_media":9959,"template":"","meta":[],"product_brand":[],"product_cat":[25],"product_tag":[54,1334,45,1333],"class_list":{"0":"post-9950","1":"product","2":"type-product","3":"status-publish","4":"has-post-thumbnail","6":"product_cat-libros-digitales-ebooks","7":"product_tag-descargar-ebook","8":"product_tag-los-renglones-torcidos-de-dios","9":"product_tag-mejor-novela","10":"product_tag-torcuato-luca-de-tena","12":"first","13":"instock","14":"shipping-taxable","15":"purchasable","16":"product-type-variable","17":"has-default-attributes"},"_links":{"self":[{"href":"https:\/\/www.taller-palabras.com\/WordPress_04\/wp-json\/wp\/v2\/product\/9950","targetHints":{"allow":["GET"]}}],"collection":[{"href":"https:\/\/www.taller-palabras.com\/WordPress_04\/wp-json\/wp\/v2\/product"}],"about":[{"href":"https:\/\/www.taller-palabras.com\/WordPress_04\/wp-json\/wp\/v2\/types\/product"}],"wp:featuredmedia":[{"embeddable":true,"href":"https:\/\/www.taller-palabras.com\/WordPress_04\/wp-json\/wp\/v2\/media\/9959"}],"wp:attachment":[{"href":"https:\/\/www.taller-palabras.com\/WordPress_04\/wp-json\/wp\/v2\/media?parent=9950"}],"wp:term":[{"taxonomy":"product_brand","embeddable":true,"href":"https:\/\/www.taller-palabras.com\/WordPress_04\/wp-json\/wp\/v2\/product_brand?post=9950"},{"taxonomy":"product_cat","embeddable":true,"href":"https:\/\/www.taller-palabras.com\/WordPress_04\/wp-json\/wp\/v2\/product_cat?post=9950"},{"taxonomy":"product_tag","embeddable":true,"href":"https:\/\/www.taller-palabras.com\/WordPress_04\/wp-json\/wp\/v2\/product_tag?post=9950"}],"curies":[{"name":"wp","href":"https:\/\/api.w.org\/{rel}","templated":true}]}}