{"id":2854,"date":"2020-04-22T13:08:04","date_gmt":"2020-04-22T16:08:04","guid":{"rendered":"https:\/\/www.taller-palabras.com\/WordPress_05\/?page_id=2854"},"modified":"2023-08-15T14:01:50","modified_gmt":"2023-08-15T17:01:50","slug":"autores-2","status":"publish","type":"page","link":"https:\/\/www.taller-palabras.com\/WordPress_05\/?page_id=2854","title":{"rendered":"Autores"},"content":{"rendered":"\n<div class=\"is-layout-flex wp-block-buttons\">\n<div class=\"wp-block-button is-style-outline\"><a class=\"wp-block-button__link wp-element-button\" href=\"#letra-a\">A<\/a><\/div>\n\n\n\n<div class=\"wp-block-button is-style-outline\"><a class=\"wp-block-button__link wp-element-button\" href=\"#letra-b\">B<\/a><\/div>\n\n\n\n<div class=\"wp-block-button is-style-outline\"><a class=\"wp-block-button__link wp-element-button\" href=\"#letra-c\">C<\/a><\/div>\n\n\n\n<div class=\"wp-block-button is-style-outline\"><a class=\"wp-block-button__link wp-element-button\" href=\"#letra-d\">D<\/a><\/div>\n\n\n\n<div class=\"wp-block-button is-style-outline\"><a class=\"wp-block-button__link wp-element-button\" href=\"#letra-e\">E<\/a><\/div>\n\n\n\n<div class=\"wp-block-button is-style-outline\"><a class=\"wp-block-button__link wp-element-button\" href=\"#letra-f\">F<\/a><\/div>\n\n\n\n<div class=\"wp-block-button is-style-outline\"><a class=\"wp-block-button__link wp-element-button\" href=\"#letra-g\">G<\/a><\/div>\n\n\n\n<div class=\"wp-block-button is-style-outline\"><a class=\"wp-block-button__link wp-element-button\" href=\"#letra-i\">I<\/a><\/div>\n\n\n\n<div class=\"wp-block-button is-style-outline\"><a class=\"wp-block-button__link wp-element-button\" href=\"#letra-j\">J<\/a><\/div>\n\n\n\n<div class=\"wp-block-button is-style-outline\"><a class=\"wp-block-button__link wp-element-button\" href=\"#letra-k\">K<\/a><\/div>\n\n\n\n<div class=\"wp-block-button is-style-outline\"><a class=\"wp-block-button__link wp-element-button\" href=\"#letra-l&quot;\">L<\/a><\/div>\n\n\n\n<div class=\"wp-block-button is-style-outline\"><a class=\"wp-block-button__link wp-element-button\" href=\"#letra-m\">M<\/a><\/div>\n\n\n\n<div class=\"wp-block-button is-style-outline\"><a class=\"wp-block-button__link wp-element-button\" href=\"#letra-n\">N<\/a><\/div>\n\n\n\n<div class=\"wp-block-button is-style-outline\"><a class=\"wp-block-button__link wp-element-button\" href=\"#letra-o\">O<\/a><\/div>\n\n\n\n<div class=\"wp-block-button is-style-outline\"><a class=\"wp-block-button__link wp-element-button\" href=\"#letra-p\">P<\/a><\/div>\n\n\n\n<div class=\"wp-block-button is-style-outline\"><a class=\"wp-block-button__link wp-element-button\" href=\"#letra-r\">R<\/a><\/div>\n\n\n\n<div class=\"wp-block-button is-style-outline\"><a class=\"wp-block-button__link wp-element-button\" href=\"#letra-s\">S<\/a><\/div>\n\n\n\n<div class=\"wp-block-button is-style-outline\"><a class=\"wp-block-button__link wp-element-button\" href=\"#letra-t\">T<\/a><\/div>\n\n\n\n<div class=\"wp-block-button is-style-outline\"><a class=\"wp-block-button__link wp-element-button\" href=\"#letra-v\">V<\/a><\/div>\n\n\n\n<div class=\"wp-block-button is-style-outline\"><a class=\"wp-block-button__link wp-element-button\" href=\"#letra-z\">Z<\/a><\/div>\n<\/div>\n\n\n\n<hr class=\"wp-block-separator has-css-opacity is-style-wide\"\/>\n\n\n\n<hr class=\"wp-block-separator has-css-opacity is-style-wide\"\/>\n\n\n\n<hr class=\"wp-block-separator has-css-opacity is-style-wide\"\/>\n\n\n\n<div class=\"wp-block-image\"><figure class=\"aligncenter is-resized\"><img decoding=\"async\" loading=\"lazy\" src=\"https:\/\/www.taller-palabras.com\/WordPress_05\/wp-content\/uploads\/2020\/04\/A-a.jpg\" alt=\"A\" id=\"letra-a\" class=\"wp-image-605\" width=\"57\" height=\"57\"><\/figure><\/div>\n\n\n\n<h2>Auster, Paul<\/h2>\n\n\n\n<pre class=\"wp-block-preformatted\"><a href=\"https:\/\/www.taller-palabras.com\/WordPress_05\/?p=2912\" target=\"_blank\" rel=\"noreferrer noopener\">4 3 2 1<\/a><\/pre>\n\n\n\n<div class=\"wp-block-image\"><figure class=\"aligncenter is-resized\"><img decoding=\"async\" loading=\"lazy\" src=\"https:\/\/www.taller-palabras.com\/WordPress_05\/\/wp-content\/uploads\/2014\/05\/B-150x150.jpg\" alt=\"B\" id=\"letra-b\" class=\"wp-image-605\" width=\"57\" height=\"57\"><\/figure><\/div>\n\n\n\n<h2>Banerjee, Anjali<\/h2>\n\n\n\n<pre class=\"wp-block-preformatted\"><a href=\"https:\/\/www.taller-palabras.com\/WordPress_05\/\/?p=618\" target=\"_blank\" rel=\"noreferrer noopener\">La librer\u00eda de las nuevas oportunidades<\/a><\/pre>\n\n\n\n<h2>Baldwin, James<\/h2>\n\n\n\n<pre class=\"wp-block-preformatted\"><a href=\"https:\/\/www.taller-palabras.com\/WordPress_05\/\/?p=72\" target=\"_blank\" rel=\"noreferrer noopener\">Otro Pa\u00eds<\/a><\/pre>\n\n\n\n<h2>Belli, Gioconda<\/h2>\n\n\n\n<pre class=\"wp-block-preformatted\"><a href=\"https:\/\/www.taller-palabras.com\/WordPress_05\/\/?p=128\">La mujer habitada<\/a><\/pre>\n\n\n\n<h2>Bodoc, Liliana<\/h2>\n\n\n\n<pre class=\"wp-block-preformatted\"><a href=\"https:\/\/www.taller-palabras.com\/WordPress_05\/?p=3320\" rel=\"noreferrer noopener\">La saga de los Confines<\/a><\/pre>\n\n\n\n<h2>Bonelli, Florencia<\/h2>\n\n\n\n<pre class=\"wp-block-preformatted\"><a href=\"https:\/\/www.taller-palabras.com\/WordPress_05\/\/?p=1704\" target=\"_blank\" rel=\"noreferrer noopener\">El cuarto arcano<\/a><\/pre>\n\n\n\n<div class=\"wp-block-image\"><figure class=\"aligncenter is-resized\"><img decoding=\"async\" loading=\"lazy\" src=\"https:\/\/www.taller-palabras.com\/WordPress_05\/\/wp-content\/uploads\/2017\/05\/letra-c.jpg\" alt=\"C\" id=\"letra-c\" class=\"wp-image-606\" width=\"58\" height=\"67\"><\/figure><\/div>\n\n\n\n<h2>Casa\u00f1as, Gloria<\/h2>\n\n\n\n<pre class=\"wp-block-preformatted\"><a href=\"https:\/\/www.taller-palabras.com\/WordPress_05\/\/?p=2372\" target=\"_blank\" rel=\"noreferrer noopener\">El \u00e1ngel roto<\/a><\/pre>\n\n\n\n<pre class=\"wp-block-preformatted\"><a href=\"https:\/\/www.taller-palabras.com\/WordPress_05\/?p=2398\" target=\"_blank\" rel=\"noreferrer noopener\">La maestra de la laguna<\/a><\/pre>\n\n\n\n<div class=\"wp-block-image\"><figure class=\"aligncenter is-resized\"><img decoding=\"async\" loading=\"lazy\" id=\"letra-d\" src=\"https:\/\/www.taller-palabras.com\/WordPress_05\/\/wp-content\/uploads\/2014\/05\/D-150x150.jpg\" alt=\"D\" class=\"wp-image-606\" width=\"58\" height=\"58\"><\/figure><\/div>\n\n\n\n<h2>Due\u00f1as, Mar\u00eda<\/h2>\n\n\n\n<pre class=\"wp-block-preformatted\"><a href=\"https:\/\/www.taller-palabras.com\/WordPress_05\/\/?p=85\" target=\"_blank\" rel=\"noreferrer noopener\">El tiempo entre costuras<\/a><\/pre>\n\n\n\n<pre><script async=\"\" src=\"\/\/pagead2.googlesyndication.com\/pagead\/js\/adsbygoogle.js\"><\/script>\n<!-- adaptable_texto -->\n<ins class=\"adsbygoogle\" style=\"display: block;\" data-ad-client=\"ca-pub-2391984088922199\" data-ad-slot=\"6200009149\" data-ad-format=\"auto\"><\/ins>\n<script>\n(adsbygoogle = window.adsbygoogle || []).push({});\n<\/script>\n<\/pre>\n\n\n\n<div class=\"wp-block-image\"><figure class=\"aligncenter is-resized\"><img decoding=\"async\" loading=\"lazy\" src=\"https:\/\/www.taller-palabras.com\/WordPress_05\/wp-content\/uploads\/2020\/04\/E-e.jpg\" alt=\"E\" id=\"letra-e\" class=\"wp-image-607\" width=\"57\" height=\"66\"><\/figure><\/div>\n\n\n\n<h2>Eco Umberto<\/h2>\n\n\n\n<pre class=\"wp-block-preformatted\"><a href=\"https:\/\/www.taller-palabras.com\/WordPress_05\/?p=3267\" target=\"_blank\" rel=\"noreferrer noopener\">El cementerio de Praga<\/a><\/pre>\n\n\n\n<div class=\"wp-block-image\"><figure class=\"aligncenter is-resized\"><img decoding=\"async\" loading=\"lazy\" src=\"https:\/\/www.taller-palabras.com\/WordPress_05\/\/wp-content\/uploads\/2014\/05\/F-150x150.jpg\" alt=\"F\" id=\"letra-f\" class=\"wp-image-607\" width=\"59\" height=\"59\"><\/figure><\/div>\n\n\n\n<h2>Foenkinos, David<\/h2>\n\n\n\n<pre class=\"wp-block-preformatted\"><a href=\"https:\/\/www.taller-palabras.com\/WordPress_05\/?p=3287\" target=\"_blank\" rel=\"noreferrer noopener\">La delicadeza<\/a><\/pre>\n\n\n\n<h2>Franzen, Jonathan<\/h2>\n\n\n\n<pre class=\"wp-block-preformatted\"><a href=\"https:\/\/www.taller-palabras.com\/WordPress_05\/\/?p=76\" target=\"_blank\" rel=\"noreferrer noopener\">Las correcciones<\/a><\/pre>\n\n\n\n<pre class=\"wp-block-preformatted\"><a href=\"https:\/\/www.taller-palabras.com\/WordPress_05\/\/?p=100\" target=\"_blank\" rel=\"noreferrer noopener\">Libertad<\/a><\/pre>\n\n\n\n<div class=\"wp-block-image\"><figure class=\"aligncenter is-resized\"><img decoding=\"async\" loading=\"lazy\" src=\"https:\/\/www.taller-palabras.com\/WordPress_05\/\/wp-content\/uploads\/2014\/05\/G-150x150.jpg\" alt=\"G\" id=\"letra-g\" class=\"wp-image-608\" width=\"60\" height=\"60\"><\/figure><\/div>\n\n\n\n<h2>Gabaldon, Diana<\/h2>\n\n\n\n<pre class=\"wp-block-preformatted\"><a href=\"https:\/\/www.taller-palabras.com\/WordPress_05\/\/?p=2329\" target=\"_blank\" rel=\"noreferrer noopener\">Forastera<\/a><\/pre>\n\n\n\n<h2>Giardinelli, Mempo<\/h2>\n\n\n\n<pre class=\"wp-block-preformatted\"><a href=\"https:\/\/www.taller-palabras.com\/WordPress_05\/\/?p=2351\" target=\"_blank\" rel=\"noreferrer noopener\">Santo oficio de la memoria <\/a><\/pre>\n\n\n\n<h2>Ginzburg, Natalia<\/h2>\n\n\n\n<pre class=\"wp-block-preformatted\"><a href=\"https:\/\/www.taller-palabras.com\/WordPress_05\/?p=3297\" target=\"_blank\" rel=\"noreferrer noopener\">Todos nuestros ayeres <\/a><\/pre>\n\n\n\n<h2>Grandes, Almudena<\/h2>\n\n\n\n<pre class=\"wp-block-preformatted\"><a href=\"https:\/\/www.taller-palabras.com\/WordPress_05\/\/?p=286\" target=\"_blank\" rel=\"noreferrer noopener\">El lector de Julio Verne<\/a><\/pre>\n\n\n\n<pre class=\"wp-block-preformatted\"><a href=\"https:\/\/www.taller-palabras.com\/WordPress_05\/\/?p=2108\" target=\"_blank\" rel=\"noreferrer noopener\">Las tres bodas de Manolita<\/a><\/pre>\n\n\n\n<h2>Green, John<\/h2>\n\n\n\n<pre class=\"wp-block-preformatted\"><a href=\"https:\/\/www.taller-palabras.com\/WordPress_05\/?p=2620\" target=\"_blank\" rel=\"noreferrer noopener\">Bajo la misma estrella<\/a><\/pre>\n\n\n\n<div class=\"wp-block-image\"><figure class=\"aligncenter is-resized\"><img decoding=\"async\" loading=\"lazy\" src=\"https:\/\/www.taller-palabras.com\/WordPress_05\/\/wp-content\/uploads\/2014\/05\/I-145x150.jpg\" alt=\"I\" id=\"letra-i\" class=\"wp-image-610\" width=\"60\" height=\"62\"><\/figure><\/div>\n\n\n\n<h2>Ishiguro, Kasu\u00f3<\/h2>\n\n\n\n<pre class=\"wp-block-preformatted\"><a href=\"https:\/\/www.taller-palabras.com\/WordPress_05\/\/?p=133\" target=\"_blank\" rel=\"noreferrer noopener\">P\u00e1lida luz en las colinas<\/a><\/pre>\n\n\n\n<h2>Irving, John<\/h2>\n\n\n\n<pre class=\"wp-block-preformatted\"><a href=\"https:\/\/www.taller-palabras.com\/WordPress_05\/\/?p=235\" target=\"_blank\" rel=\"noreferrer noopener\">Una mujer dif\u00edcil<\/a><\/pre>\n\n\n\n<h2>Izaguirre, Marian<\/h2>\n\n\n\n<pre class=\"wp-block-preformatted\"><a href=\"https:\/\/www.taller-palabras.com\/WordPress_05\/\/?p=583\" target=\"_blank\" rel=\"noreferrer noopener\">La vida cuando era nuestra<\/a><\/pre>\n\n\n\n<div class=\"wp-block-image\"><figure class=\"aligncenter is-resized\"><img decoding=\"async\" loading=\"lazy\" src=\"https:\/\/www.taller-palabras.com\/WordPress_05\/\/wp-content\/uploads\/2014\/05\/J-145x150.jpg\" alt=\"J\" id=\"letra-j\" class=\"wp-image-659\" width=\"62\" height=\"64\"><\/figure><\/div>\n\n\n\n<h2>James, Henry<\/h2>\n\n\n\n<pre class=\"wp-block-preformatted\"><a href=\"https:\/\/www.taller-palabras.com\/WordPress_05\/\/?p=650\" target=\"_blank\" rel=\"noreferrer noopener\">El Retrato de una Dama<\/a><\/pre>\n\n\n\n<h2>Jennings, Gary<\/h2>\n\n\n\n<pre class=\"wp-block-preformatted\"><a href=\"https:\/\/www.taller-palabras.com\/WordPress_05\/\/?p=2005\" target=\"_blank\" rel=\"noreferrer noopener\">Azteca<\/a><\/pre>\n\n\n\n<h2>Jonasson, Jonas<\/h2>\n\n\n\n<pre class=\"wp-block-preformatted\"><a href=\"https:\/\/www.taller-palabras.com\/WordPress_05\/?p=3011\" target=\"_blank\" rel=\"noreferrer noopener\">El abuelo que salt\u00f3 por la ventana y se march\u00f3<\/a><\/pre>\n\n\n\n<pre><script async=\"\" src=\"\/\/pagead2.googlesyndication.com\/pagead\/js\/adsbygoogle.js\"><\/script>\n<!-- adaptable_texto -->\n<ins class=\"adsbygoogle\" style=\"display: block;\" data-ad-client=\"ca-pub-2391984088922199\" data-ad-slot=\"6200009149\" data-ad-format=\"auto\"><\/ins>\n<script>\n(adsbygoogle = window.adsbygoogle || []).push({});\n<\/script>\n<\/pre>\n\n\n\n<div class=\"wp-block-image\"><figure class=\"aligncenter is-resized\"><img decoding=\"async\" loading=\"lazy\" src=\"https:\/\/www.taller-palabras.com\/WordPress_05\/\/wp-content\/uploads\/2015\/03\/K.jpg\" alt=\"K\" id=\"letra-k\" class=\"wp-image-609\" width=\"60\" height=\"70\"><\/figure><\/div>\n\n\n\n<h2>Katzenbach, John<\/h2>\n\n\n\n<pre class=\"wp-block-preformatted\"><a href=\"https:\/\/www.taller-palabras.com\/WordPress_05\/\/?p=1926\" target=\"_blank\" rel=\"noreferrer noopener\">La Historia del Loco<\/a><\/pre>\n\n\n\n<div class=\"wp-block-image\"><figure class=\"aligncenter is-resized\"><img decoding=\"async\" loading=\"lazy\" src=\"https:\/\/www.taller-palabras.com\/WordPress_05\/\/wp-content\/uploads\/2016\/09\/letra-l.jpg\" alt=\"L\" id=\"letra-l&quot;\" class=\"wp-image-609\" width=\"61\" height=\"71\"><\/figure><\/div>\n\n\n\n<h2>Llosa, Mario Vargas<\/h2>\n\n\n\n<pre class=\"wp-block-preformatted\"><a href=\"https:\/\/www.taller-palabras.com\/WordPress_05\/\/?p=2314\" target=\"_blank\" rel=\"noreferrer noopener\">El sue\u00f1o del celta<\/a><\/pre>\n\n\n\n<pre class=\"wp-block-preformatted\"><a href=\"https:\/\/www.taller-palabras.com\/WordPress_05\/?p=2942\" target=\"_blank\" rel=\"noreferrer noopener\">El paraiso en la otra esquina<\/a><\/pre>\n\n\n\n<h2>Landero, Luis<\/h2>\n\n\n\n<pre class=\"wp-block-preformatted\"><a href=\"https:\/\/www.taller-palabras.com\/WordPress_05\/?p=2710\" target=\"_blank\" rel=\"noreferrer noopener\">Lluvia fina<\/a><\/pre>\n\n\n\n<div class=\"wp-block-image\"><figure class=\"aligncenter is-resized\"><img decoding=\"async\" loading=\"lazy\" src=\"https:\/\/www.taller-palabras.com\/WordPress_05\/\/wp-content\/uploads\/2014\/05\/M-145x150.jpg\" alt=\"M\" id=\"letra-m\" class=\"wp-image-609\" width=\"61\" height=\"63\"><\/figure><\/div>\n\n\n\n<h2>Mankell, Henning<\/h2>\n\n\n\n<pre class=\"wp-block-preformatted\"><a href=\"https:\/\/www.taller-palabras.com\/WordPress_05\/\/?p=679\" target=\"_blank\" rel=\"noreferrer noopener\">La falsa pista<\/a><\/pre>\n\n\n\n<pre class=\"wp-block-preformatted\"><a href=\"https:\/\/www.taller-palabras.com\/WordPress_05\/\/?p=1499\" target=\"_blank\" rel=\"noreferrer noopener\">Cortafuegos<\/a><\/pre>\n\n\n\n<h2>Manseau, Peter<\/h2>\n\n\n\n<pre class=\"wp-block-preformatted\"><a href=\"https:\/\/www.taller-palabras.com\/WordPress_05\/\/?p=105\" target=\"_blank\" rel=\"noreferrer noopener\">La biblioteca de los sue\u00f1os rotos<\/a><\/pre>\n\n\n\n<h2>McCourt, Frank<\/h2>\n\n\n\n<pre class=\"wp-block-preformatted\"><a href=\"https:\/\/www.taller-palabras.com\/WordPress_05\/?p=373\" target=\"_blank\" rel=\"noreferrer noopener\">Las cenizas de \u00c1ngela<\/a><\/pre>\n\n\n\n<h2>McKinty, Adrian<\/h2>\n\n\n\n<pre class=\"wp-block-preformatted\"><a href=\"https:\/\/www.taller-palabras.com\/WordPress_05\/?p=3040\" target=\"_blank\" rel=\"noreferrer noopener\">La cadena<\/a><\/pre>\n\n\n\n<h2>Martin, George R.R.<\/h2>\n\n\n\n<pre class=\"wp-block-preformatted\"><a href=\"https:\/\/www.taller-palabras.com\/WordPress_05\/\/?p=1605\" target=\"_blank\" rel=\"noreferrer noopener\">(1)Juegos de Trono<\/a><\/pre>\n\n\n\n<pre class=\"wp-block-preformatted\"><a href=\"https:\/\/www.taller-palabras.com\/WordPress_05\/\/?p=2086\" target=\"_blank\" rel=\"noreferrer noopener\">(2)Choque de reyes<\/a><\/pre>\n\n\n\n<h2>Mathew, Pearl<\/h2>\n\n\n\n<pre class=\"wp-block-preformatted\"><a href=\"https:\/\/www.taller-palabras.com\/WordPress_05\/\/?p=1462\" target=\"_blank\" rel=\"noreferrer noopener\">El Club Dante <\/a><\/pre>\n\n\n\n<h2>Morton, Kate<\/h2>\n\n\n\n<pre class=\"wp-block-preformatted\"><a href=\"https:\/\/www.taller-palabras.com\/WordPress_05\/\/?p=2038\" target=\"_blank\" rel=\"noreferrer noopener\">Las horas distantes <\/a><\/pre>\n\n\n\n<pre class=\"wp-block-preformatted\"><a href=\"https:\/\/www.taller-palabras.com\/WordPress_05\/\/?p=2306\" target=\"_blank\" rel=\"noreferrer noopener\">El jardin olvidado <\/a><\/pre>\n\n\n\n<h2>Mu\u00f1oz, Nieves<\/h2>\n\n\n\n<pre class=\"wp-block-preformatted\"><a href=\"https:\/\/www.taller-palabras.com\/WordPress_05\/?p=3267\" target=\"_blank\" rel=\"noreferrer noopener\">Las batallas silenciadas<\/a><\/pre>\n\n\n\n<div class=\"wp-block-image\"><figure class=\"aligncenter is-resized\"><img decoding=\"async\" loading=\"lazy\" src=\"https:\/\/www.taller-palabras.com\/WordPress_05\/\/wp-content\/uploads\/2016\/07\/letra-n.jpg\" alt=\"N\" id=\"letra-n\" class=\"wp-image-609\" width=\"62\" height=\"72\"><\/figure><\/div>\n\n\n\n<h2>Navarro, Julia<\/h2>\n\n\n\n<pre class=\"wp-block-preformatted\"><a href=\"https:\/\/www.taller-palabras.com\/WordPress_05\/\/?p=2270\" target=\"_blank\" rel=\"noreferrer noopener\">Dime qui\u00e9n soy<\/a><\/pre>\n\n\n\n<h2>Nieva, Lola<\/h2>\n\n\n\n<pre class=\"wp-block-preformatted\"><a href=\"https:\/\/www.taller-palabras.com\/WordPress_05\/?p=742\" target=\"_blank\" rel=\"noreferrer noopener\">Los tres nombres del lobo<\/a><\/pre>\n\n\n\n<div class=\"wp-block-image\"><figure class=\"aligncenter is-resized\"><img decoding=\"async\" loading=\"lazy\" src=\"https:\/\/www.taller-palabras.com\/WordPress_05\/\/wp-content\/uploads\/2014\/05\/O-145x150.jpg\" alt=\"O\" id=\"letra-o\" class=\"wp-image-612\" width=\"62\" height=\"64\"><\/figure><\/div>\n\n\n\n<h2>Oates, Joyce Carol<\/h2>\n\n\n\n<pre class=\"wp-block-preformatted\"><a href=\"https:\/\/www.taller-palabras.com\/WordPress_05\/\/?p=467\" target=\"_blank\" rel=\"noreferrer noopener\">La hija del sepulturero<\/a><\/pre>\n\n\n\n<div class=\"wp-block-image\"><figure class=\"aligncenter is-resized\"><img decoding=\"async\" loading=\"lazy\" src=\"https:\/\/www.taller-palabras.com\/WordPress_05\/\/wp-content\/uploads\/2014\/05\/P-145x150.jpg\" alt=\"P\" id=\"letra-p\" class=\"wp-image-611\" width=\"60\" height=\"62\"><\/figure><\/div>\n\n\n\n<h2>Pamuk, Orhan<\/h2>\n\n\n\n<pre class=\"wp-block-preformatted\"><a href=\"https:\/\/www.taller-palabras.com\/WordPress_05\/\/?p=242\" target=\"_blank\" rel=\"noreferrer noopener\">El libro negro<\/a><\/pre>\n\n\n\n<h2>Pi\u00f1\u00f3n, N\u00e9lida<\/h2>\n\n\n\n<pre class=\"wp-block-preformatted\"><a href=\"https:\/\/www.taller-palabras.com\/WordPress_05\/\/?p=96\" target=\"_blank\" rel=\"noreferrer noopener\">La rep\u00fablica de los sue\u00f1os<\/a><\/pre>\n\n\n\n<div class=\"wp-block-image\"><figure class=\"aligncenter is-resized\"><img decoding=\"async\" loading=\"lazy\" src=\"https:\/\/www.taller-palabras.com\/WordPress_05\/\/wp-content\/uploads\/2014\/11\/R-120x139.jpg\" alt=\"R\" id=\"letra-r\" class=\"wp-image-1547\" width=\"61\" height=\"71\" srcset=\"https:\/\/www.taller-palabras.com\/WordPress_05\/wp-content\/uploads\/2014\/11\/R-120x139.jpg 120w, https:\/\/www.taller-palabras.com\/WordPress_05\/wp-content\/uploads\/2014\/11\/R-258x300.jpg 258w, https:\/\/www.taller-palabras.com\/WordPress_05\/wp-content\/uploads\/2014\/11\/R.jpg 387w\" sizes=\"(max-width: 61px) 100vw, 61px\" \/><\/figure><\/div>\n\n\n\n<h2>Reverte, Arturo P\u00e9rez<\/h2>\n\n\n\n<pre class=\"wp-block-preformatted\"><a href=\"https:\/\/www.taller-palabras.com\/WordPress_05\/?p=2412\" target=\"_blank\" rel=\"noreferrer noopener\">El temor de un hombre sabio<\/a><\/pre>\n\n\n\n<pre class=\"wp-block-preformatted\"><a href=\"https:\/\/www.taller-palabras.com\/WordPress_05\/\/?p=420\" target=\"_blank\" rel=\"noreferrer noopener\">La Reina del Sur<\/a><\/pre>\n\n\n\n<h2>Rothfuss, Patrick<\/h2>\n\n\n\n<pre class=\"wp-block-preformatted\"><a href=\"https:\/\/www.taller-palabras.com\/WordPress_05\/?p=2404\" target=\"_blank\" rel=\"noreferrer noopener\">El nombre del viento<\/a><\/pre>\n\n\n\n<div class=\"wp-block-image\"><figure class=\"aligncenter is-resized\"><img decoding=\"async\" loading=\"lazy\" src=\"https:\/\/www.taller-palabras.com\/WordPress_05\/\/wp-content\/uploads\/2014\/05\/S-145x150.jpg\" alt=\"S\" id=\"letra-s\" class=\"wp-image-613\" width=\"60\" height=\"62\"><\/figure><\/div>\n\n\n\n<h2>Sagasta, Alfonso Mateo<\/h2>\n\n\n\n<pre class=\"wp-block-preformatted\"><a href=\"https:\/\/www.taller-palabras.com\/WordPress_05\/\/?p=1685\" target=\"_blank\" rel=\"noreferrer noopener\">Ladrones de tinta<\/a><\/pre>\n\n\n\n<h2>Salinger, J.D<\/h2>\n\n\n\n<pre class=\"wp-block-preformatted\"><a href=\"https:\/\/www.taller-palabras.com\/WordPress_05\/\/?p=112\" target=\"_blank\" rel=\"noreferrer noopener\">El guardi\u00e1n entre el centeno<\/a><\/pre>\n\n\n\n<h2>Serrano, Silvana<\/h2>\n\n\n\n<pre class=\"wp-block-preformatted\"><a href=\"https:\/\/www.taller-palabras.com\/WordPress_05\/\/?p=2263\" target=\"_blank\" rel=\"noreferrer noopener\">Hacia una Tierra del Fuego<\/a><\/pre>\n\n\n\n<h2>Setterfield, Diane<\/h2>\n\n\n\n<p><a href=\"https:\/\/www.taller-palabras.com\/WordPress_05\/?p=3360\">\u00c9rase una vez en la Taberna de Swan<\/a><\/p>\n\n\n\n<h2>Simons, Paullina<\/h2>\n\n\n\n<pre class=\"wp-block-preformatted\"><a href=\"https:\/\/www.taller-palabras.com\/WordPress_05\/\/?p=1577\" target=\"_blank\" rel=\"noreferrer noopener\">El jinete de bronce<\/a><\/pre>\n\n\n\n<pre class=\"wp-block-preformatted\"><a href=\"https:\/\/www.taller-palabras.com\/WordPress_05\/\/?p=1639\" target=\"_blank\" rel=\"noreferrer noopener\">Tatania y Alexander<\/a><\/pre>\n\n\n\n<pre class=\"wp-block-preformatted\"><a href=\"https:\/\/www.taller-palabras.com\/WordPress_05\/\/?p=2128\" target=\"_blank\" rel=\"noreferrer noopener\">El jard\u00edn de verano<\/a><\/pre>\n\n\n\n<div class=\"wp-block-image\"><figure class=\"aligncenter is-resized\"><img decoding=\"async\" loading=\"lazy\" src=\"https:\/\/www.taller-palabras.com\/WordPress_05\/\/wp-content\/uploads\/2015\/07\/T.jpg\" alt=\"T\" id=\"letra-t\" class=\"wp-image-613\" width=\"61\" height=\"71\"><\/figure><\/div>\n\n\n\n<h2>Tolkien, J.R.R.<\/h2>\n\n\n\n<pre class=\"wp-block-preformatted\"><a href=\"https:\/\/www.taller-palabras.com\/WordPress_05\/\/?p=2038\" target=\"_blank\" rel=\"noreferrer noopener\">El Hobbit<\/a><\/pre>\n\n\n\n<pre class=\"wp-block-preformatted\"><a rel=\"noreferrer noopener\" href=\"https:\/\/www.taller-palabras.com\/WordPress_05\/\/?p=2137\" target=\"_blank\">El Se\u00f1or de los anillo (1) La comunidad del anillo.<\/a><\/pre>\n\n\n\n<h2>Tyler, Anne<\/h2>\n\n\n\n<pre class=\"wp-block-preformatted\"><a href=\"https:\/\/www.taller-palabras.com\/WordPress_05\/\/?p=2390\" target=\"_blank\" rel=\"noreferrer noopener\">El hilo azul<\/a><\/pre>\n\n\n\n<div class=\"wp-block-image\"><figure class=\"aligncenter is-resized\"><img decoding=\"async\" loading=\"lazy\" src=\"https:\/\/www.taller-palabras.com\/WordPress_05\/wp-content\/uploads\/2020\/05\/V.jpg\" alt=\"V\" id=\"letra-v\" class=\"wp-image-614\" width=\"59\" height=\"68\"><\/figure><\/div>\n\n\n\n<h2>Vald\u00e9z, Zoe<\/h2>\n\n\n\n<pre class=\"wp-block-preformatted\"><a href=\"https:\/\/www.taller-palabras.com\/WordPress_05\/\/?p=246\" target=\"_blank\" rel=\"noreferrer noopener\">Te di la vida entera<\/a><\/pre>\n\n\n\n<pre><script async=\"\" src=\"\/\/pagead2.googlesyndication.com\/pagead\/js\/adsbygoogle.js\"><\/script>\n<!-- adaptable_texto -->\n<ins class=\"adsbygoogle\" style=\"display: block;\" data-ad-client=\"ca-pub-2391984088922199\" data-ad-slot=\"6200009149\" data-ad-format=\"auto\"><\/ins>\n<script>\n(adsbygoogle = window.adsbygoogle || []).push({});\n<\/script>\n<\/pre>\n\n\n\n<div class=\"wp-block-image\"><figure class=\"aligncenter is-resized\"><img decoding=\"async\" loading=\"lazy\" src=\"https:\/\/www.taller-palabras.com\/WordPress_05\/\/wp-content\/uploads\/2014\/05\/Z-145x150.jpg\" alt=\"Z\" id=\"letra-z\" class=\"wp-image-615\" width=\"60\" height=\"62\"><\/figure><\/div>\n\n\n\n<h2>Zusak, Markus<\/h2>\n\n\n\n<pre class=\"wp-block-preformatted\"><a href=\"https:\/\/www.taller-palabras.com\/WordPress_05\/\/?p=81\" target=\"_blank\" rel=\"noreferrer noopener\">La ladrona de libros<\/a><\/pre>\n\n\n\n<h2>Zaf\u00f3n, Carlos Ruiz<\/h2>\n\n\n\n<pre class=\"wp-block-preformatted\"><a href=\"https:\/\/www.taller-palabras.com\/WordPress_05\/\/?p=766\" target=\"_blank\" rel=\"noreferrer noopener\">La sombra del viento<\/a><\/pre>\n\n\n\n<pre class=\"wp-block-preformatted\"><a href=\"https:\/\/www.taller-palabras.com\/WordPress_05\/\/?p=1590\" target=\"_blank\" rel=\"noreferrer noopener\">El prisionero del cielo<\/a><\/pre>\n\n\n\n<pre class=\"wp-block-preformatted\"><a href=\"https:\/\/www.taller-palabras.com\/WordPress_05\/\/?p=858\" target=\"_blank\" rel=\"noreferrer noopener\">El juego del \u00e1ngel<\/a><\/pre>\n\n\n\n<pre><script async=\"\" src=\"\/\/pagead2.googlesyndication.com\/pagead\/js\/adsbygoogle.js\"><\/script>\n<!-- adaptable_texto -->\n<ins class=\"adsbygoogle\" style=\"display: block;\" data-ad-client=\"ca-pub-2391984088922199\" data-ad-slot=\"6200009149\" data-ad-format=\"auto\"><\/ins>\n<script>\n(adsbygoogle = window.adsbygoogle || []).push({});\n<\/script>\n<\/pre>\n","protected":false},"excerpt":{"rendered":"<p>Auster, Paul 4 3 2 1 Banerjee, Anjali La librer\u00eda de las nuevas oportunidades Baldwin, James Otro Pa\u00eds Belli, Gioconda La mujer habitada Bodoc, Liliana La saga de los Confines Bonelli, Florencia El cuarto arcano Casa\u00f1as, Gloria El \u00e1ngel roto La maestra de la laguna Due\u00f1as, Mar\u00eda El tiempo entre costuras Eco Umberto El cementerio &hellip; <a href=\"https:\/\/www.taller-palabras.com\/WordPress_05\/?page_id=2854\" class=\"more-link\">Seguir leyendo <span class=\"screen-reader-text\">Autores<\/span> <span class=\"meta-nav\">&rarr;<\/span><\/a><\/p>\n","protected":false},"author":1,"featured_media":0,"parent":0,"menu_order":0,"comment_status":"closed","ping_status":"closed","template":"","meta":[],"categories":[],"tags":[],"_links":{"self":[{"href":"https:\/\/www.taller-palabras.com\/WordPress_05\/index.php?rest_route=\/wp\/v2\/pages\/2854"}],"collection":[{"href":"https:\/\/www.taller-palabras.com\/WordPress_05\/index.php?rest_route=\/wp\/v2\/pages"}],"about":[{"href":"https:\/\/www.taller-palabras.com\/WordPress_05\/index.php?rest_route=\/wp\/v2\/types\/page"}],"author":[{"embeddable":true,"href":"https:\/\/www.taller-palabras.com\/WordPress_05\/index.php?rest_route=\/wp\/v2\/users\/1"}],"replies":[{"embeddable":true,"href":"https:\/\/www.taller-palabras.com\/WordPress_05\/index.php?rest_route=%2Fwp%2Fv2%2Fcomments&post=2854"}],"version-history":[{"count":55,"href":"https:\/\/www.taller-palabras.com\/WordPress_05\/index.php?rest_route=\/wp\/v2\/pages\/2854\/revisions"}],"predecessor-version":[{"id":3397,"href":"https:\/\/www.taller-palabras.com\/WordPress_05\/index.php?rest_route=\/wp\/v2\/pages\/2854\/revisions\/3397"}],"wp:attachment":[{"href":"https:\/\/www.taller-palabras.com\/WordPress_05\/index.php?rest_route=%2Fwp%2Fv2%2Fmedia&parent=2854"}],"wp:term":[{"taxonomy":"category","embeddable":true,"href":"https:\/\/www.taller-palabras.com\/WordPress_05\/index.php?rest_route=%2Fwp%2Fv2%2Fcategories&post=2854"},{"taxonomy":"post_tag","embeddable":true,"href":"https:\/\/www.taller-palabras.com\/WordPress_05\/index.php?rest_route=%2Fwp%2Fv2%2Ftags&post=2854"}],"curies":[{"name":"wp","href":"https:\/\/api.w.org\/{rel}","templated":true}]}}